{"id":112,"date":"2021-09-07T16:43:12","date_gmt":"2021-09-07T14:43:12","guid":{"rendered":"https:\/\/energyintelligence.se\/shop\/?post_type=product&amp;p=112"},"modified":"2021-09-07T16:43:12","modified_gmt":"2021-09-07T14:43:12","slug":"rj12-rak-kabel-06-m-gra","status":"publish","type":"product","link":"https:\/\/xyz.energyintelligence.se\/en\/product\/rj12-rak-kabel-06-m-gra\/","title":{"rendered":"RJ12 rak kabel 0,6 m gr\u00e5"},"content":{"rendered":"<p>Denna kabel kan anv\u00e4ndas f\u00f6r att ansluta till elm\u00e4taren. Det b\u00f6r noteras att kabeln b\u00f6r h\u00e5llas s\u00e5 kort som m\u00f6jligt d\u00e5 en l\u00e5ng kabel kan inneb\u00e4ra att signalerna inte n\u00e5r fram ordentligt.<\/p>\n<p>Vid l\u00e4ngre kabell\u00e4ngd \u00e4n denna rekommenderar vi anv\u00e4ndning av en <a href=\"https:\/\/energyintelligence.se\/shop\/product\/aktiv-p1-splitter-forstarkare\">f\u00f6rst\u00e4rkare \/ splitter<\/a>.<\/p>\n","protected":false},"excerpt":{"rendered":"<p>Denna kabel kan anv\u00e4ndas f\u00f6r att ansluta till elm\u00e4taren. Det b\u00f6r noteras att kabeln b\u00f6r h\u00e5llas s\u00e5 kort som m\u00f6jligt d\u00e5 en l\u00e5ng kabel kan inneb\u00e4ra att signalerna inte n\u00e5r fram ordentligt. Vid l\u00e4ngre kabell\u00e4ngd \u00e4n denna rekommenderar vi anv\u00e4ndning av en f\u00f6rst\u00e4rkare \/ splitter.<\/p>\n","protected":false},"featured_media":91,"comment_status":"closed","ping_status":"closed","template":"","meta":[],"product_cat":[17],"product_tag":[],"yoast_head":"<!-- This site is optimized with the Yoast SEO plugin v21.7 - https:\/\/yoast.com\/wordpress\/plugins\/seo\/ -->\n<title>RJ12 rak kabel 0,6 m gr\u00e5 - Energy Intelligence (en)<\/title>\n<meta name=\"robots\" content=\"index, follow, max-snippet:-1, max-image-preview:large, max-video-preview:-1\" \/>\n<link rel=\"canonical\" href=\"https:\/\/xyz.energyintelligence.se\/en\/product\/rj12-rak-kabel-06-m-gra\/\" \/>\n<meta property=\"og:locale\" content=\"en_US\" \/>\n<meta property=\"og:type\" content=\"article\" \/>\n<meta property=\"og:title\" content=\"RJ12 rak kabel 0,6 m gr\u00e5 - Energy Intelligence (en)\" \/>\n<meta property=\"og:description\" content=\"Denna kabel kan anv\u00e4ndas f\u00f6r att ansluta till elm\u00e4taren. Det b\u00f6r noteras att kabeln b\u00f6r h\u00e5llas s\u00e5 kort som m\u00f6jligt d\u00e5 en l\u00e5ng kabel kan inneb\u00e4ra att signalerna inte n\u00e5r fram ordentligt. Vid l\u00e4ngre kabell\u00e4ngd \u00e4n denna rekommenderar vi anv\u00e4ndning av en f\u00f6rst\u00e4rkare \/ splitter.\" \/>\n<meta property=\"og:url\" content=\"https:\/\/xyz.energyintelligence.se\/en\/product\/rj12-rak-kabel-06-m-gra\/\" \/>\n<meta property=\"og:site_name\" content=\"Energy Intelligence (en)\" \/>\n<meta name=\"twitter:card\" content=\"summary_large_image\" \/>\n<script type=\"application\/ld+json\" class=\"yoast-schema-graph\">{\"@context\":\"https:\/\/schema.org\",\"@graph\":[{\"@type\":\"WebPage\",\"@id\":\"https:\/\/xyz.energyintelligence.se\/en\/product\/rj12-rak-kabel-06-m-gra\/\",\"url\":\"https:\/\/xyz.energyintelligence.se\/en\/product\/rj12-rak-kabel-06-m-gra\/\",\"name\":\"RJ12 rak kabel 0,6 m gr\u00e5 - Energy Intelligence (en)\",\"isPartOf\":{\"@id\":\"https:\/\/xyz.energyintelligence.se\/en\/#website\"},\"datePublished\":\"2021-09-07T14:43:12+00:00\",\"dateModified\":\"2021-09-07T14:43:12+00:00\",\"breadcrumb\":{\"@id\":\"https:\/\/xyz.energyintelligence.se\/en\/product\/rj12-rak-kabel-06-m-gra\/#breadcrumb\"},\"inLanguage\":\"en-US\",\"potentialAction\":[{\"@type\":\"ReadAction\",\"target\":[\"https:\/\/xyz.energyintelligence.se\/en\/product\/rj12-rak-kabel-06-m-gra\/\"]}]},{\"@type\":\"BreadcrumbList\",\"@id\":\"https:\/\/xyz.energyintelligence.se\/en\/product\/rj12-rak-kabel-06-m-gra\/#breadcrumb\",\"itemListElement\":[{\"@type\":\"ListItem\",\"position\":1,\"name\":\"Hem\",\"item\":\"https:\/\/xyz.energyintelligence.se\/en\/\"},{\"@type\":\"ListItem\",\"position\":2,\"name\":\"Shop\",\"item\":\"https:\/\/xyz.energyintelligence.se\/en\/shop\/\"},{\"@type\":\"ListItem\",\"position\":3,\"name\":\"RJ12 rak kabel 0,6 m gr\u00e5\"}]},{\"@type\":\"WebSite\",\"@id\":\"https:\/\/xyz.energyintelligence.se\/en\/#website\",\"url\":\"https:\/\/xyz.energyintelligence.se\/en\/\",\"name\":\"Energy Intelligence (en)\",\"description\":\"\",\"potentialAction\":[{\"@type\":\"SearchAction\",\"target\":{\"@type\":\"EntryPoint\",\"urlTemplate\":\"https:\/\/xyz.energyintelligence.se\/en\/?s={search_term_string}\"},\"query-input\":\"required name=search_term_string\"}],\"inLanguage\":\"en-US\"}]}<\/script>\n<!-- \/ Yoast SEO plugin. -->","yoast_head_json":{"title":"RJ12 rak kabel 0,6 m gr\u00e5 - Energy Intelligence (en)","robots":{"index":"index","follow":"follow","max-snippet":"max-snippet:-1","max-image-preview":"max-image-preview:large","max-video-preview":"max-video-preview:-1"},"canonical":"https:\/\/xyz.energyintelligence.se\/en\/product\/rj12-rak-kabel-06-m-gra\/","og_locale":"en_US","og_type":"article","og_title":"RJ12 rak kabel 0,6 m gr\u00e5 - Energy Intelligence (en)","og_description":"Denna kabel kan anv\u00e4ndas f\u00f6r att ansluta till elm\u00e4taren. Det b\u00f6r noteras att kabeln b\u00f6r h\u00e5llas s\u00e5 kort som m\u00f6jligt d\u00e5 en l\u00e5ng kabel kan inneb\u00e4ra att signalerna inte n\u00e5r fram ordentligt. Vid l\u00e4ngre kabell\u00e4ngd \u00e4n denna rekommenderar vi anv\u00e4ndning av en f\u00f6rst\u00e4rkare \/ splitter.","og_url":"https:\/\/xyz.energyintelligence.se\/en\/product\/rj12-rak-kabel-06-m-gra\/","og_site_name":"Energy Intelligence (en)","twitter_card":"summary_large_image","schema":{"@context":"https:\/\/schema.org","@graph":[{"@type":"WebPage","@id":"https:\/\/xyz.energyintelligence.se\/en\/product\/rj12-rak-kabel-06-m-gra\/","url":"https:\/\/xyz.energyintelligence.se\/en\/product\/rj12-rak-kabel-06-m-gra\/","name":"RJ12 rak kabel 0,6 m gr\u00e5 - Energy Intelligence (en)","isPartOf":{"@id":"https:\/\/xyz.energyintelligence.se\/en\/#website"},"datePublished":"2021-09-07T14:43:12+00:00","dateModified":"2021-09-07T14:43:12+00:00","breadcrumb":{"@id":"https:\/\/xyz.energyintelligence.se\/en\/product\/rj12-rak-kabel-06-m-gra\/#breadcrumb"},"inLanguage":"en-US","potentialAction":[{"@type":"ReadAction","target":["https:\/\/xyz.energyintelligence.se\/en\/product\/rj12-rak-kabel-06-m-gra\/"]}]},{"@type":"BreadcrumbList","@id":"https:\/\/xyz.energyintelligence.se\/en\/product\/rj12-rak-kabel-06-m-gra\/#breadcrumb","itemListElement":[{"@type":"ListItem","position":1,"name":"Hem","item":"https:\/\/xyz.energyintelligence.se\/en\/"},{"@type":"ListItem","position":2,"name":"Shop","item":"https:\/\/xyz.energyintelligence.se\/en\/shop\/"},{"@type":"ListItem","position":3,"name":"RJ12 rak kabel 0,6 m gr\u00e5"}]},{"@type":"WebSite","@id":"https:\/\/xyz.energyintelligence.se\/en\/#website","url":"https:\/\/xyz.energyintelligence.se\/en\/","name":"Energy Intelligence (en)","description":"","potentialAction":[{"@type":"SearchAction","target":{"@type":"EntryPoint","urlTemplate":"https:\/\/xyz.energyintelligence.se\/en\/?s={search_term_string}"},"query-input":"required name=search_term_string"}],"inLanguage":"en-US"}]}},"_links":{"self":[{"href":"https:\/\/xyz.energyintelligence.se\/en\/wp-json\/wp\/v2\/product\/112"}],"collection":[{"href":"https:\/\/xyz.energyintelligence.se\/en\/wp-json\/wp\/v2\/product"}],"about":[{"href":"https:\/\/xyz.energyintelligence.se\/en\/wp-json\/wp\/v2\/types\/product"}],"replies":[{"embeddable":true,"href":"https:\/\/xyz.energyintelligence.se\/en\/wp-json\/wp\/v2\/comments?post=112"}],"wp:featuredmedia":[{"embeddable":true,"href":"https:\/\/xyz.energyintelligence.se\/en\/wp-json\/"}],"wp:attachment":[{"href":"https:\/\/xyz.energyintelligence.se\/en\/wp-json\/wp\/v2\/media?parent=112"}],"wp:term":[{"taxonomy":"product_cat","embeddable":true,"href":"https:\/\/xyz.energyintelligence.se\/en\/wp-json\/wp\/v2\/product_cat?post=112"},{"taxonomy":"product_tag","embeddable":true,"href":"https:\/\/xyz.energyintelligence.se\/en\/wp-json\/wp\/v2\/product_tag?post=112"}],"curies":[{"name":"wp","href":"https:\/\/api.w.org\/{rel}","templated":true}]}}