{"id":1224,"date":"2022-12-27T18:39:43","date_gmt":"2022-12-27T16:39:43","guid":{"rendered":"https:\/\/energyintelligence.se\/shop\/?post_type=product&amp;p=1224"},"modified":"2022-12-27T18:39:43","modified_gmt":"2022-12-27T16:39:43","slug":"p1-usb-din","status":"publish","type":"product","link":"https:\/\/xyz.energyintelligence.se\/en\/product\/p1-usb-din\/","title":{"rendered":"P1-USB adapter i DIN-kapsling inkl RJ12-kabel"},"content":{"rendered":"<p>Denna adapter omvandlar HAN-portens seriella data till data som kan l\u00e4sas av en vanlig USB-port p\u00e5 en dator.<\/p>\n<p>En rak <a href=\"https:\/\/energyintelligence.se\/shop\/product\/rj12-rak-kabel-06-m-gra\">RJ12-kabel<\/a> ing\u00e5r men beh\u00f6ver kompletteras med en <a href=\"https:\/\/energyintelligence.se\/shop\/product\/usb-302s\">USB-micro-B kabel<\/a> om ni inte redan har en.<\/p>\n<p>USB-porten st\u00e4lls in p\u00e5 115200 baud.<\/p>\n<p>Exakt hur man &#8220;pratar&#8221; med USB-porten beror p\u00e5 vilken dator och operativsystem man har.<\/p>\n<p>Ett enkelt s\u00e4tt att testa porten \u00e4r att anv\u00e4nda sig av t ex Serial Monitor i <a href=\"https:\/\/www.arduino.cc\/en\/software\" target=\"_blank\" rel=\"noopener\">Arduino IDE<\/a>.<\/p>\n<p><a href=\"https:\/\/energyintelligence.se\/shop\/wp-content\/uploads\/2022\/12\/Manual-P1-USB-DIN.pdf\">Produktmanual P1-USB-DIN<\/a><\/p>\n","protected":false},"excerpt":{"rendered":"<p>En USB-adapter i en DIN-skenemonterbar l\u00e5da. USB-adaptern anv\u00e4nds n\u00e4r du sj\u00e4lv vill tolka datat som kommer fr\u00e5n elm\u00e4tarens P1\/HAN port.<\/p>\n","protected":false},"featured_media":1226,"comment_status":"closed","ping_status":"closed","template":"","meta":[],"product_cat":[16],"product_tag":[],"yoast_head":"<!-- This site is optimized with the Yoast SEO plugin v21.7 - https:\/\/yoast.com\/wordpress\/plugins\/seo\/ -->\n<title>P1-USB adapter i DIN-kapsling inkl RJ12-kabel - Energy Intelligence (en)<\/title>\n<meta name=\"robots\" content=\"index, follow, max-snippet:-1, max-image-preview:large, max-video-preview:-1\" \/>\n<link rel=\"canonical\" href=\"https:\/\/xyz.energyintelligence.se\/en\/product\/p1-usb-din\/\" \/>\n<meta property=\"og:locale\" content=\"en_US\" \/>\n<meta property=\"og:type\" content=\"article\" \/>\n<meta property=\"og:title\" content=\"P1-USB adapter i DIN-kapsling inkl RJ12-kabel - Energy Intelligence (en)\" \/>\n<meta property=\"og:description\" content=\"En USB-adapter i en DIN-skenemonterbar l\u00e5da. USB-adaptern anv\u00e4nds n\u00e4r du sj\u00e4lv vill tolka datat som kommer fr\u00e5n elm\u00e4tarens P1\/HAN port.\" \/>\n<meta property=\"og:url\" content=\"https:\/\/xyz.energyintelligence.se\/en\/product\/p1-usb-din\/\" \/>\n<meta property=\"og:site_name\" content=\"Energy Intelligence (en)\" \/>\n<meta name=\"twitter:card\" content=\"summary_large_image\" \/>\n<script type=\"application\/ld+json\" class=\"yoast-schema-graph\">{\"@context\":\"https:\/\/schema.org\",\"@graph\":[{\"@type\":\"WebPage\",\"@id\":\"https:\/\/xyz.energyintelligence.se\/en\/product\/p1-usb-din\/\",\"url\":\"https:\/\/xyz.energyintelligence.se\/en\/product\/p1-usb-din\/\",\"name\":\"P1-USB adapter i DIN-kapsling inkl RJ12-kabel - Energy Intelligence (en)\",\"isPartOf\":{\"@id\":\"https:\/\/xyz.energyintelligence.se\/en\/#website\"},\"datePublished\":\"2022-12-27T16:39:43+00:00\",\"dateModified\":\"2022-12-27T16:39:43+00:00\",\"breadcrumb\":{\"@id\":\"https:\/\/xyz.energyintelligence.se\/en\/product\/p1-usb-din\/#breadcrumb\"},\"inLanguage\":\"en-US\",\"potentialAction\":[{\"@type\":\"ReadAction\",\"target\":[\"https:\/\/xyz.energyintelligence.se\/en\/product\/p1-usb-din\/\"]}]},{\"@type\":\"BreadcrumbList\",\"@id\":\"https:\/\/xyz.energyintelligence.se\/en\/product\/p1-usb-din\/#breadcrumb\",\"itemListElement\":[{\"@type\":\"ListItem\",\"position\":1,\"name\":\"Hem\",\"item\":\"https:\/\/xyz.energyintelligence.se\/en\/\"},{\"@type\":\"ListItem\",\"position\":2,\"name\":\"Shop\",\"item\":\"https:\/\/xyz.energyintelligence.se\/en\/shop\/\"},{\"@type\":\"ListItem\",\"position\":3,\"name\":\"P1-USB adapter i DIN-kapsling inkl RJ12-kabel\"}]},{\"@type\":\"WebSite\",\"@id\":\"https:\/\/xyz.energyintelligence.se\/en\/#website\",\"url\":\"https:\/\/xyz.energyintelligence.se\/en\/\",\"name\":\"Energy Intelligence (en)\",\"description\":\"\",\"potentialAction\":[{\"@type\":\"SearchAction\",\"target\":{\"@type\":\"EntryPoint\",\"urlTemplate\":\"https:\/\/xyz.energyintelligence.se\/en\/?s={search_term_string}\"},\"query-input\":\"required name=search_term_string\"}],\"inLanguage\":\"en-US\"}]}<\/script>\n<!-- \/ Yoast SEO plugin. -->","yoast_head_json":{"title":"P1-USB adapter i DIN-kapsling inkl RJ12-kabel - Energy Intelligence (en)","robots":{"index":"index","follow":"follow","max-snippet":"max-snippet:-1","max-image-preview":"max-image-preview:large","max-video-preview":"max-video-preview:-1"},"canonical":"https:\/\/xyz.energyintelligence.se\/en\/product\/p1-usb-din\/","og_locale":"en_US","og_type":"article","og_title":"P1-USB adapter i DIN-kapsling inkl RJ12-kabel - Energy Intelligence (en)","og_description":"En USB-adapter i en DIN-skenemonterbar l\u00e5da. USB-adaptern anv\u00e4nds n\u00e4r du sj\u00e4lv vill tolka datat som kommer fr\u00e5n elm\u00e4tarens P1\/HAN port.","og_url":"https:\/\/xyz.energyintelligence.se\/en\/product\/p1-usb-din\/","og_site_name":"Energy Intelligence (en)","twitter_card":"summary_large_image","schema":{"@context":"https:\/\/schema.org","@graph":[{"@type":"WebPage","@id":"https:\/\/xyz.energyintelligence.se\/en\/product\/p1-usb-din\/","url":"https:\/\/xyz.energyintelligence.se\/en\/product\/p1-usb-din\/","name":"P1-USB adapter i DIN-kapsling inkl RJ12-kabel - Energy Intelligence (en)","isPartOf":{"@id":"https:\/\/xyz.energyintelligence.se\/en\/#website"},"datePublished":"2022-12-27T16:39:43+00:00","dateModified":"2022-12-27T16:39:43+00:00","breadcrumb":{"@id":"https:\/\/xyz.energyintelligence.se\/en\/product\/p1-usb-din\/#breadcrumb"},"inLanguage":"en-US","potentialAction":[{"@type":"ReadAction","target":["https:\/\/xyz.energyintelligence.se\/en\/product\/p1-usb-din\/"]}]},{"@type":"BreadcrumbList","@id":"https:\/\/xyz.energyintelligence.se\/en\/product\/p1-usb-din\/#breadcrumb","itemListElement":[{"@type":"ListItem","position":1,"name":"Hem","item":"https:\/\/xyz.energyintelligence.se\/en\/"},{"@type":"ListItem","position":2,"name":"Shop","item":"https:\/\/xyz.energyintelligence.se\/en\/shop\/"},{"@type":"ListItem","position":3,"name":"P1-USB adapter i DIN-kapsling inkl RJ12-kabel"}]},{"@type":"WebSite","@id":"https:\/\/xyz.energyintelligence.se\/en\/#website","url":"https:\/\/xyz.energyintelligence.se\/en\/","name":"Energy Intelligence (en)","description":"","potentialAction":[{"@type":"SearchAction","target":{"@type":"EntryPoint","urlTemplate":"https:\/\/xyz.energyintelligence.se\/en\/?s={search_term_string}"},"query-input":"required name=search_term_string"}],"inLanguage":"en-US"}]}},"_links":{"self":[{"href":"https:\/\/xyz.energyintelligence.se\/en\/wp-json\/wp\/v2\/product\/1224"}],"collection":[{"href":"https:\/\/xyz.energyintelligence.se\/en\/wp-json\/wp\/v2\/product"}],"about":[{"href":"https:\/\/xyz.energyintelligence.se\/en\/wp-json\/wp\/v2\/types\/product"}],"replies":[{"embeddable":true,"href":"https:\/\/xyz.energyintelligence.se\/en\/wp-json\/wp\/v2\/comments?post=1224"}],"wp:featuredmedia":[{"embeddable":true,"href":"https:\/\/xyz.energyintelligence.se\/en\/wp-json\/"}],"wp:attachment":[{"href":"https:\/\/xyz.energyintelligence.se\/en\/wp-json\/wp\/v2\/media?parent=1224"}],"wp:term":[{"taxonomy":"product_cat","embeddable":true,"href":"https:\/\/xyz.energyintelligence.se\/en\/wp-json\/wp\/v2\/product_cat?post=1224"},{"taxonomy":"product_tag","embeddable":true,"href":"https:\/\/xyz.energyintelligence.se\/en\/wp-json\/wp\/v2\/product_tag?post=1224"}],"curies":[{"name":"wp","href":"https:\/\/api.w.org\/{rel}","templated":true}]}}