{"id":1246,"date":"2023-01-03T17:25:42","date_gmt":"2023-01-03T15:25:42","guid":{"rendered":"https:\/\/energyintelligence.se\/shop\/?post_type=product&amp;p=1246"},"modified":"2023-01-03T17:25:42","modified_gmt":"2023-01-03T15:25:42","slug":"aktiv-p1-splitter-forstarkare","status":"publish","type":"product","link":"https:\/\/xyz.energyintelligence.se\/en\/product\/aktiv-p1-splitter-forstarkare\/","title":{"rendered":"Aktiv P1-splitter\/f\u00f6rst\u00e4rkare"},"content":{"rendered":"","protected":false},"excerpt":{"rendered":"<p>Enheten skapar 3 st extra P1 signaler utifr\u00e5n en inkommande signal. Enheten f\u00f6rst\u00e4rker \u00e4ven de inkommande signalerna vilket g\u00f6r att l\u00e4ngre kabell\u00e4ngder \u00e4r m\u00f6jliga.<\/p>\n<p>Enheten kan str\u00f6mf\u00f6rs\u00f6rjas p\u00e5 olika s\u00e4tt<\/p>\n<ul>\n<li>Via den anslutna elm\u00e4taren (om den har str\u00f6mf\u00f6rs\u00f6rjning)<\/li>\n<li>Via en USB-C kontakt.<\/li>\n<li>Via en av utsignalernas P1-utg\u00e5ngar (om str\u00f6mf\u00f6rs\u00f6rjning ges fr\u00e5n det h\u00e5llet).<\/li>\n<\/ul>\n<p>En 100 cm l\u00e5ng RJ12 kabel ing\u00e5r.<\/p>\n","protected":false},"featured_media":1293,"comment_status":"closed","ping_status":"closed","template":"","meta":[],"product_cat":[16],"product_tag":[],"yoast_head":"<!-- This site is optimized with the Yoast SEO plugin v21.7 - https:\/\/yoast.com\/wordpress\/plugins\/seo\/ -->\n<title>Aktiv P1-splitter\/f\u00f6rst\u00e4rkare - Energy Intelligence (en)<\/title>\n<meta name=\"robots\" content=\"index, follow, max-snippet:-1, max-image-preview:large, max-video-preview:-1\" \/>\n<link rel=\"canonical\" href=\"https:\/\/xyz.energyintelligence.se\/en\/product\/aktiv-p1-splitter-forstarkare\/\" \/>\n<meta property=\"og:locale\" content=\"en_US\" \/>\n<meta property=\"og:type\" content=\"article\" \/>\n<meta property=\"og:title\" content=\"Aktiv P1-splitter\/f\u00f6rst\u00e4rkare - Energy Intelligence (en)\" \/>\n<meta property=\"og:description\" content=\"Enheten skapar 3 st extra P1 signaler utifr\u00e5n en inkommande signal. Enheten f\u00f6rst\u00e4rker \u00e4ven de inkommande signalerna vilket g\u00f6r att l\u00e4ngre kabell\u00e4ngder \u00e4r m\u00f6jliga. Enheten kan str\u00f6mf\u00f6rs\u00f6rjas p\u00e5 olika s\u00e4tt  Via den anslutna elm\u00e4taren (om den har str\u00f6mf\u00f6rs\u00f6rjning)  Via en USB-C kontakt.  Via en av utsignalernas P1-utg\u00e5ngar (om str\u00f6mf\u00f6rs\u00f6rjning ges fr\u00e5n det h\u00e5llet). En 100 cm l\u00e5ng RJ12 kabel ing\u00e5r.\" \/>\n<meta property=\"og:url\" content=\"https:\/\/xyz.energyintelligence.se\/en\/product\/aktiv-p1-splitter-forstarkare\/\" \/>\n<meta property=\"og:site_name\" content=\"Energy Intelligence (en)\" \/>\n<meta name=\"twitter:card\" content=\"summary_large_image\" \/>\n<script type=\"application\/ld+json\" class=\"yoast-schema-graph\">{\"@context\":\"https:\/\/schema.org\",\"@graph\":[{\"@type\":\"WebPage\",\"@id\":\"https:\/\/xyz.energyintelligence.se\/en\/product\/aktiv-p1-splitter-forstarkare\/\",\"url\":\"https:\/\/xyz.energyintelligence.se\/en\/product\/aktiv-p1-splitter-forstarkare\/\",\"name\":\"Aktiv P1-splitter\/f\u00f6rst\u00e4rkare - Energy Intelligence (en)\",\"isPartOf\":{\"@id\":\"https:\/\/xyz.energyintelligence.se\/en\/#website\"},\"datePublished\":\"2023-01-03T15:25:42+00:00\",\"dateModified\":\"2023-01-03T15:25:42+00:00\",\"breadcrumb\":{\"@id\":\"https:\/\/xyz.energyintelligence.se\/en\/product\/aktiv-p1-splitter-forstarkare\/#breadcrumb\"},\"inLanguage\":\"en-US\",\"potentialAction\":[{\"@type\":\"ReadAction\",\"target\":[\"https:\/\/xyz.energyintelligence.se\/en\/product\/aktiv-p1-splitter-forstarkare\/\"]}]},{\"@type\":\"BreadcrumbList\",\"@id\":\"https:\/\/xyz.energyintelligence.se\/en\/product\/aktiv-p1-splitter-forstarkare\/#breadcrumb\",\"itemListElement\":[{\"@type\":\"ListItem\",\"position\":1,\"name\":\"Hem\",\"item\":\"https:\/\/xyz.energyintelligence.se\/en\/\"},{\"@type\":\"ListItem\",\"position\":2,\"name\":\"Shop\",\"item\":\"https:\/\/xyz.energyintelligence.se\/en\/shop\/\"},{\"@type\":\"ListItem\",\"position\":3,\"name\":\"Aktiv P1-splitter\/f\u00f6rst\u00e4rkare\"}]},{\"@type\":\"WebSite\",\"@id\":\"https:\/\/xyz.energyintelligence.se\/en\/#website\",\"url\":\"https:\/\/xyz.energyintelligence.se\/en\/\",\"name\":\"Energy Intelligence (en)\",\"description\":\"\",\"potentialAction\":[{\"@type\":\"SearchAction\",\"target\":{\"@type\":\"EntryPoint\",\"urlTemplate\":\"https:\/\/xyz.energyintelligence.se\/en\/?s={search_term_string}\"},\"query-input\":\"required name=search_term_string\"}],\"inLanguage\":\"en-US\"}]}<\/script>\n<!-- \/ Yoast SEO plugin. -->","yoast_head_json":{"title":"Aktiv P1-splitter\/f\u00f6rst\u00e4rkare - Energy Intelligence (en)","robots":{"index":"index","follow":"follow","max-snippet":"max-snippet:-1","max-image-preview":"max-image-preview:large","max-video-preview":"max-video-preview:-1"},"canonical":"https:\/\/xyz.energyintelligence.se\/en\/product\/aktiv-p1-splitter-forstarkare\/","og_locale":"en_US","og_type":"article","og_title":"Aktiv P1-splitter\/f\u00f6rst\u00e4rkare - Energy Intelligence (en)","og_description":"Enheten skapar 3 st extra P1 signaler utifr\u00e5n en inkommande signal. Enheten f\u00f6rst\u00e4rker \u00e4ven de inkommande signalerna vilket g\u00f6r att l\u00e4ngre kabell\u00e4ngder \u00e4r m\u00f6jliga. Enheten kan str\u00f6mf\u00f6rs\u00f6rjas p\u00e5 olika s\u00e4tt  Via den anslutna elm\u00e4taren (om den har str\u00f6mf\u00f6rs\u00f6rjning)  Via en USB-C kontakt.  Via en av utsignalernas P1-utg\u00e5ngar (om str\u00f6mf\u00f6rs\u00f6rjning ges fr\u00e5n det h\u00e5llet). En 100 cm l\u00e5ng RJ12 kabel ing\u00e5r.","og_url":"https:\/\/xyz.energyintelligence.se\/en\/product\/aktiv-p1-splitter-forstarkare\/","og_site_name":"Energy Intelligence (en)","twitter_card":"summary_large_image","schema":{"@context":"https:\/\/schema.org","@graph":[{"@type":"WebPage","@id":"https:\/\/xyz.energyintelligence.se\/en\/product\/aktiv-p1-splitter-forstarkare\/","url":"https:\/\/xyz.energyintelligence.se\/en\/product\/aktiv-p1-splitter-forstarkare\/","name":"Aktiv P1-splitter\/f\u00f6rst\u00e4rkare - Energy Intelligence (en)","isPartOf":{"@id":"https:\/\/xyz.energyintelligence.se\/en\/#website"},"datePublished":"2023-01-03T15:25:42+00:00","dateModified":"2023-01-03T15:25:42+00:00","breadcrumb":{"@id":"https:\/\/xyz.energyintelligence.se\/en\/product\/aktiv-p1-splitter-forstarkare\/#breadcrumb"},"inLanguage":"en-US","potentialAction":[{"@type":"ReadAction","target":["https:\/\/xyz.energyintelligence.se\/en\/product\/aktiv-p1-splitter-forstarkare\/"]}]},{"@type":"BreadcrumbList","@id":"https:\/\/xyz.energyintelligence.se\/en\/product\/aktiv-p1-splitter-forstarkare\/#breadcrumb","itemListElement":[{"@type":"ListItem","position":1,"name":"Hem","item":"https:\/\/xyz.energyintelligence.se\/en\/"},{"@type":"ListItem","position":2,"name":"Shop","item":"https:\/\/xyz.energyintelligence.se\/en\/shop\/"},{"@type":"ListItem","position":3,"name":"Aktiv P1-splitter\/f\u00f6rst\u00e4rkare"}]},{"@type":"WebSite","@id":"https:\/\/xyz.energyintelligence.se\/en\/#website","url":"https:\/\/xyz.energyintelligence.se\/en\/","name":"Energy Intelligence (en)","description":"","potentialAction":[{"@type":"SearchAction","target":{"@type":"EntryPoint","urlTemplate":"https:\/\/xyz.energyintelligence.se\/en\/?s={search_term_string}"},"query-input":"required name=search_term_string"}],"inLanguage":"en-US"}]}},"_links":{"self":[{"href":"https:\/\/xyz.energyintelligence.se\/en\/wp-json\/wp\/v2\/product\/1246"}],"collection":[{"href":"https:\/\/xyz.energyintelligence.se\/en\/wp-json\/wp\/v2\/product"}],"about":[{"href":"https:\/\/xyz.energyintelligence.se\/en\/wp-json\/wp\/v2\/types\/product"}],"replies":[{"embeddable":true,"href":"https:\/\/xyz.energyintelligence.se\/en\/wp-json\/wp\/v2\/comments?post=1246"}],"wp:featuredmedia":[{"embeddable":true,"href":"https:\/\/xyz.energyintelligence.se\/en\/wp-json\/"}],"wp:attachment":[{"href":"https:\/\/xyz.energyintelligence.se\/en\/wp-json\/wp\/v2\/media?parent=1246"}],"wp:term":[{"taxonomy":"product_cat","embeddable":true,"href":"https:\/\/xyz.energyintelligence.se\/en\/wp-json\/wp\/v2\/product_cat?post=1246"},{"taxonomy":"product_tag","embeddable":true,"href":"https:\/\/xyz.energyintelligence.se\/en\/wp-json\/wp\/v2\/product_tag?post=1246"}],"curies":[{"name":"wp","href":"https:\/\/api.w.org\/{rel}","templated":true}]}}