{"id":1313,"date":"2023-01-17T19:39:57","date_gmt":"2023-01-17T17:39:57","guid":{"rendered":"https:\/\/energyintelligence.se\/shop\/?post_type=product&amp;p=1313"},"modified":"2023-01-17T19:39:57","modified_gmt":"2023-01-17T17:39:57","slug":"p1-han-lasare-ethernet-poe-wifi-extern-antenn","status":"publish","type":"product","link":"https:\/\/xyz.energyintelligence.se\/en\/product\/p1-han-lasare-ethernet-poe-wifi-extern-antenn\/","title":{"rendered":"P1\/HAN l\u00e4sare Ethernet (PoE) + Wifi extern antenn"},"content":{"rendered":"<p>Denna avl\u00e4sare kopplas direkt in i P1 porten\/HAN-porten p\u00e5 elm\u00e4taren med en medf\u00f6ljande RJ12 kabel. Via kabeln kan m\u00e4tdata l\u00e4sas av l\u00e4saren som i sin skickar informationen vidare via till MQTT. Detta inneb\u00e4r att energif\u00f6rbrukningen enkelt kan l\u00e4sas av via datorsystem som kan ge insikt i och optimera hush\u00e5llets energianv\u00e4ndning.<\/p>\n<p>L\u00e4saren ansluts till f\u00f6redragsvis till en ethernetkabel med PoE. Den har \u00e4ven ett Wifi-gr\u00e4nssnitt med extern utbytbar antenn. Enheten konfigureras med hj\u00e4lp av en mobiltelefon eller dator via ett webb-baserat gr\u00e4nssnitt.<\/p>\n<p>Kretsarna i denna \u00e4r s.k. industrial grade vilket inneb\u00e4r att de \u00e4r anpassade f\u00f6r st\u00f6rre temperaturvariationer \u00e4n den <a href=\"https:\/\/energyintelligence.se\/shop\/product\/p1-till-mqtt-adapter\">mindre varianten<\/a>.<\/p>\n<p>Enheten \u00e4r gjord f\u00f6r att sitta p\u00e5 en DIN skena i l\u00e4mplig IP-klassad inkapsling d\u00e4r den tar upp tv\u00e5 modulplatser.<\/p>\n<p>Funktioner:<\/p>\n<ul>\n<li>P1\/HAN port (RJ12-kontakt)<\/li>\n<li>\u00d6verf\u00f6ring av separata m\u00e4tv\u00e4rden till valbar MQTT-server.<\/li>\n<li>Webb-baserat gr\u00e4nssnitt f\u00f6r enkel konfiguration av enheten.<\/li>\n<li>F\u00e4ste f\u00f6r montering p\u00e5 DIN-skena.<\/li>\n<li>Ethernet anslutning med PoE (Power over Ethernet &#8211; IEEE 802.3af @ 48 V)<\/li>\n<li>L\u00f6stagbar antenn, dvs den g\u00e5r att ers\u00e4tta med annan antenn med RP-SMA hane-kontakt. Enheten har en RP-SMA-hona kontakt.<\/li>\n<\/ul>\n<p>Levereras komplett inkl rak 0,6 m RJ12-kabel f\u00f6r anslutning till elm\u00e4taren.<\/p>\n<p>Denna kan str\u00f6mf\u00f6rs\u00f6rjas med en <a href=\"https:\/\/energyintelligence.se\/shop\/product\/usb-302s\">micro-B usb<\/a> kontakt eller anslutning till str\u00f6mplint ifall elm\u00e4taren saknar str\u00f6m p\u00e5 RJ12-porten och man v\u00e4ljer att enbart k\u00f6ra Wifi. Smidigast och s\u00e4krast \u00e4r att str\u00f6mf\u00f6rs\u00f6rja den via PoE.<\/p>\n<p>F\u00f6r information om anv\u00e4ndning, se l\u00e4nkarna nedan:<\/p>\n<p><a href=\"https:\/\/energyintelligence.se\/shop\/wp-content\/uploads\/2023\/01\/Manual-P1-POE-IND.pdf\">Kortfattad manual \/ produktblad<\/a><br \/>\n<a href=\"https:\/\/energyintelligence.se\/shop\/arkiv\/44\">Kom ig\u00e5ng guide<\/a><br \/>\n<a href=\"https:\/\/energyintelligence.se\/shop\/vanliga-fragor-och-svar\">Vanliga fr\u00e5gor och svar<\/a><\/p>\n","protected":false},"excerpt":{"rendered":"<p>Om du vill ha tillf\u00f6rlitlig tr\u00e5dad anslutning och m\u00e5nga alternativ till str\u00f6mf\u00f6rs\u00f6rjning rekommenderar vi denna elm\u00e4taravl\u00e4sare.<\/p>\n<p><strong>OBS! Denna elm\u00e4taravl\u00e4sare g\u00e5r ej att koppla in i en elm\u00e4tare med RJ45-uttag! Den \u00e4r enbart avsett f\u00f6r elm\u00e4tare med RJ12-uttag. Om du har en RJ45-kontakt p\u00e5 din elm\u00e4tare kan du anv\u00e4nda <a href=\"https:\/\/energyintelligence.se\/shop\/product\/p1-han-rj45\">denna elm\u00e4taravl\u00e4sare<\/a>.<br \/>\n<\/strong><\/p>\n","protected":false},"featured_media":1657,"comment_status":"closed","ping_status":"closed","template":"","meta":[],"product_cat":[16],"product_tag":[],"yoast_head":"<!-- This site is optimized with the Yoast SEO plugin v21.7 - https:\/\/yoast.com\/wordpress\/plugins\/seo\/ -->\n<title>P1\/HAN l\u00e4sare Ethernet (PoE) + Wifi extern antenn - Energy Intelligence (en)<\/title>\n<meta name=\"robots\" content=\"index, follow, max-snippet:-1, max-image-preview:large, max-video-preview:-1\" \/>\n<link rel=\"canonical\" href=\"https:\/\/xyz.energyintelligence.se\/en\/product\/p1-han-lasare-ethernet-poe-wifi-extern-antenn\/\" \/>\n<meta property=\"og:locale\" content=\"en_US\" \/>\n<meta property=\"og:type\" content=\"article\" \/>\n<meta property=\"og:title\" content=\"P1\/HAN l\u00e4sare Ethernet (PoE) + Wifi extern antenn - Energy Intelligence (en)\" \/>\n<meta property=\"og:description\" content=\"Om du vill ha tillf\u00f6rlitlig tr\u00e5dad anslutning och m\u00e5nga alternativ till str\u00f6mf\u00f6rs\u00f6rjning rekommenderar vi denna elm\u00e4taravl\u00e4sare. OBS! Denna elm\u00e4taravl\u00e4sare g\u00e5r ej att koppla in i en elm\u00e4tare med RJ45-uttag! Den \u00e4r enbart avsett f\u00f6r elm\u00e4tare med RJ12-uttag. Om du har en RJ45-kontakt p\u00e5 din elm\u00e4tare kan du anv\u00e4nda denna elm\u00e4taravl\u00e4sare.\" \/>\n<meta property=\"og:url\" content=\"https:\/\/xyz.energyintelligence.se\/en\/product\/p1-han-lasare-ethernet-poe-wifi-extern-antenn\/\" \/>\n<meta property=\"og:site_name\" content=\"Energy Intelligence (en)\" \/>\n<meta name=\"twitter:card\" content=\"summary_large_image\" \/>\n<meta name=\"twitter:label1\" content=\"Est. reading time\" \/>\n\t<meta name=\"twitter:data1\" content=\"1 minute\" \/>\n<script type=\"application\/ld+json\" class=\"yoast-schema-graph\">{\"@context\":\"https:\/\/schema.org\",\"@graph\":[{\"@type\":\"WebPage\",\"@id\":\"https:\/\/xyz.energyintelligence.se\/en\/product\/p1-han-lasare-ethernet-poe-wifi-extern-antenn\/\",\"url\":\"https:\/\/xyz.energyintelligence.se\/en\/product\/p1-han-lasare-ethernet-poe-wifi-extern-antenn\/\",\"name\":\"P1\/HAN l\u00e4sare Ethernet (PoE) + Wifi extern antenn - Energy Intelligence (en)\",\"isPartOf\":{\"@id\":\"https:\/\/xyz.energyintelligence.se\/en\/#website\"},\"datePublished\":\"2023-01-17T17:39:57+00:00\",\"dateModified\":\"2023-01-17T17:39:57+00:00\",\"breadcrumb\":{\"@id\":\"https:\/\/xyz.energyintelligence.se\/en\/product\/p1-han-lasare-ethernet-poe-wifi-extern-antenn\/#breadcrumb\"},\"inLanguage\":\"en-US\",\"potentialAction\":[{\"@type\":\"ReadAction\",\"target\":[\"https:\/\/xyz.energyintelligence.se\/en\/product\/p1-han-lasare-ethernet-poe-wifi-extern-antenn\/\"]}]},{\"@type\":\"BreadcrumbList\",\"@id\":\"https:\/\/xyz.energyintelligence.se\/en\/product\/p1-han-lasare-ethernet-poe-wifi-extern-antenn\/#breadcrumb\",\"itemListElement\":[{\"@type\":\"ListItem\",\"position\":1,\"name\":\"Hem\",\"item\":\"https:\/\/xyz.energyintelligence.se\/en\/\"},{\"@type\":\"ListItem\",\"position\":2,\"name\":\"Shop\",\"item\":\"https:\/\/xyz.energyintelligence.se\/en\/shop\/\"},{\"@type\":\"ListItem\",\"position\":3,\"name\":\"P1\/HAN l\u00e4sare Ethernet (PoE) + Wifi extern antenn\"}]},{\"@type\":\"WebSite\",\"@id\":\"https:\/\/xyz.energyintelligence.se\/en\/#website\",\"url\":\"https:\/\/xyz.energyintelligence.se\/en\/\",\"name\":\"Energy Intelligence (en)\",\"description\":\"\",\"potentialAction\":[{\"@type\":\"SearchAction\",\"target\":{\"@type\":\"EntryPoint\",\"urlTemplate\":\"https:\/\/xyz.energyintelligence.se\/en\/?s={search_term_string}\"},\"query-input\":\"required name=search_term_string\"}],\"inLanguage\":\"en-US\"}]}<\/script>\n<!-- \/ Yoast SEO plugin. -->","yoast_head_json":{"title":"P1\/HAN l\u00e4sare Ethernet (PoE) + Wifi extern antenn - Energy Intelligence (en)","robots":{"index":"index","follow":"follow","max-snippet":"max-snippet:-1","max-image-preview":"max-image-preview:large","max-video-preview":"max-video-preview:-1"},"canonical":"https:\/\/xyz.energyintelligence.se\/en\/product\/p1-han-lasare-ethernet-poe-wifi-extern-antenn\/","og_locale":"en_US","og_type":"article","og_title":"P1\/HAN l\u00e4sare Ethernet (PoE) + Wifi extern antenn - Energy Intelligence (en)","og_description":"Om du vill ha tillf\u00f6rlitlig tr\u00e5dad anslutning och m\u00e5nga alternativ till str\u00f6mf\u00f6rs\u00f6rjning rekommenderar vi denna elm\u00e4taravl\u00e4sare. OBS! Denna elm\u00e4taravl\u00e4sare g\u00e5r ej att koppla in i en elm\u00e4tare med RJ45-uttag! Den \u00e4r enbart avsett f\u00f6r elm\u00e4tare med RJ12-uttag. Om du har en RJ45-kontakt p\u00e5 din elm\u00e4tare kan du anv\u00e4nda denna elm\u00e4taravl\u00e4sare.","og_url":"https:\/\/xyz.energyintelligence.se\/en\/product\/p1-han-lasare-ethernet-poe-wifi-extern-antenn\/","og_site_name":"Energy Intelligence (en)","twitter_card":"summary_large_image","twitter_misc":{"Est. reading time":"1 minute"},"schema":{"@context":"https:\/\/schema.org","@graph":[{"@type":"WebPage","@id":"https:\/\/xyz.energyintelligence.se\/en\/product\/p1-han-lasare-ethernet-poe-wifi-extern-antenn\/","url":"https:\/\/xyz.energyintelligence.se\/en\/product\/p1-han-lasare-ethernet-poe-wifi-extern-antenn\/","name":"P1\/HAN l\u00e4sare Ethernet (PoE) + Wifi extern antenn - Energy Intelligence (en)","isPartOf":{"@id":"https:\/\/xyz.energyintelligence.se\/en\/#website"},"datePublished":"2023-01-17T17:39:57+00:00","dateModified":"2023-01-17T17:39:57+00:00","breadcrumb":{"@id":"https:\/\/xyz.energyintelligence.se\/en\/product\/p1-han-lasare-ethernet-poe-wifi-extern-antenn\/#breadcrumb"},"inLanguage":"en-US","potentialAction":[{"@type":"ReadAction","target":["https:\/\/xyz.energyintelligence.se\/en\/product\/p1-han-lasare-ethernet-poe-wifi-extern-antenn\/"]}]},{"@type":"BreadcrumbList","@id":"https:\/\/xyz.energyintelligence.se\/en\/product\/p1-han-lasare-ethernet-poe-wifi-extern-antenn\/#breadcrumb","itemListElement":[{"@type":"ListItem","position":1,"name":"Hem","item":"https:\/\/xyz.energyintelligence.se\/en\/"},{"@type":"ListItem","position":2,"name":"Shop","item":"https:\/\/xyz.energyintelligence.se\/en\/shop\/"},{"@type":"ListItem","position":3,"name":"P1\/HAN l\u00e4sare Ethernet (PoE) + Wifi extern antenn"}]},{"@type":"WebSite","@id":"https:\/\/xyz.energyintelligence.se\/en\/#website","url":"https:\/\/xyz.energyintelligence.se\/en\/","name":"Energy Intelligence (en)","description":"","potentialAction":[{"@type":"SearchAction","target":{"@type":"EntryPoint","urlTemplate":"https:\/\/xyz.energyintelligence.se\/en\/?s={search_term_string}"},"query-input":"required name=search_term_string"}],"inLanguage":"en-US"}]}},"_links":{"self":[{"href":"https:\/\/xyz.energyintelligence.se\/en\/wp-json\/wp\/v2\/product\/1313"}],"collection":[{"href":"https:\/\/xyz.energyintelligence.se\/en\/wp-json\/wp\/v2\/product"}],"about":[{"href":"https:\/\/xyz.energyintelligence.se\/en\/wp-json\/wp\/v2\/types\/product"}],"replies":[{"embeddable":true,"href":"https:\/\/xyz.energyintelligence.se\/en\/wp-json\/wp\/v2\/comments?post=1313"}],"wp:featuredmedia":[{"embeddable":true,"href":"https:\/\/xyz.energyintelligence.se\/en\/wp-json\/"}],"wp:attachment":[{"href":"https:\/\/xyz.energyintelligence.se\/en\/wp-json\/wp\/v2\/media?parent=1313"}],"wp:term":[{"taxonomy":"product_cat","embeddable":true,"href":"https:\/\/xyz.energyintelligence.se\/en\/wp-json\/wp\/v2\/product_cat?post=1313"},{"taxonomy":"product_tag","embeddable":true,"href":"https:\/\/xyz.energyintelligence.se\/en\/wp-json\/wp\/v2\/product_tag?post=1313"}],"curies":[{"name":"wp","href":"https:\/\/api.w.org\/{rel}","templated":true}]}}