{"id":16,"date":"2021-07-14T12:03:42","date_gmt":"2021-07-14T10:03:42","guid":{"rendered":"http:\/\/localhost\/p1mqtt\/?post_type=product&amp;p=16"},"modified":"2021-07-14T12:03:42","modified_gmt":"2021-07-14T10:03:42","slug":"p1-till-mqtt-adapter","status":"publish","type":"product","link":"https:\/\/xyz.energyintelligence.se\/en\/product\/p1-till-mqtt-adapter\/","title":{"rendered":"P1\/HAN l\u00e4sare f\u00f6r smarta elm\u00e4tare (inbyggd wifi)"},"content":{"rendered":"<p>Denna l\u00e4sare kopplas direkt in i P1 porten\/HAN-porten p\u00e5 elm\u00e4taren med en medf\u00f6ljande RJ12 kabel. Via kabeln kan m\u00e4tdata l\u00e4sas av l\u00e4saren som i sin skickar informationen vidare till en MQTT-server. Detta inneb\u00e4r att energif\u00f6rbrukningen enkelt kan l\u00e4sas av via datorsystem som kan ge insikt i och optimera hush\u00e5llets energianv\u00e4ndning.<\/p>\n<p>L\u00e4saren ansluts till det tr\u00e5dl\u00f6sa n\u00e4tverket och kan enkelt konfigureras med hj\u00e4lp av en mobiltelefon eller dator via ett webb-baserat gr\u00e4nssnitt. Observera att wifi-antennen p\u00e5 avl\u00e4saren \u00e4r liten och s\u00e4ndareffekten begr\u00e4nsad. Detta inneb\u00e4r att accesspunkten f\u00f6r det tr\u00e5dl\u00f6sa n\u00e4tverket b\u00f6r vara s\u00e5 n\u00e4ra elm\u00e4taravl\u00e4saren som m\u00f6jligt, helst mindre \u00e4n 4 m. Denna avl\u00e4sare trivs b\u00e4st inomhus. Om ni vill dra in elm\u00e4tarens &#8220;port&#8221; med s.k. RJ12 kabel g\u00e5r det anv\u00e4nda en <a href=\"https:\/\/energyintelligence.se\/shop\/product\/aktiv-p1-splitter-forstarkare\">P1-splitter\/f\u00f6rst\u00e4rkare<\/a> alternativt att ni tittar p\u00e5 v\u00e5ra andra modeller (<a href=\"https:\/\/energyintelligence.se\/shop\/product\/p1-ea-ind\">extern wifi-antenn<\/a> och <a href=\"https:\/\/energyintelligence.se\/shop\/product\/p1-han-lasare-ethernet-poe-wifi-extern-antenn\">PoE<\/a>).<\/p>\n<p>Enheten \u00e4r gjord f\u00f6r att sitta p\u00e5 en DIN skena d\u00e4r den tar upp tv\u00e5 modulplatser.<\/p>\n<p>Funktioner:<\/p>\n<ul>\n<li>P1\/HAN port (RJ12-kontakt)<\/li>\n<li>\u00d6verf\u00f6ring av separata m\u00e4tv\u00e4rden till valbar MQTT-server via wifi.<\/li>\n<li>Webb-baserat gr\u00e4nssnitt f\u00f6r enkel konfiguration av enheten.<\/li>\n<li>F\u00e4ste f\u00f6r montering p\u00e5 DIN-skena.<\/li>\n<\/ul>\n<p>Levereras komplett inkl rak 0,6 m RJ12-kabel f\u00f6r anslutning till elm\u00e4taren.<\/p>\n<p>F\u00f6r information om anv\u00e4ndning, se l\u00e4nkarna nedan:<\/p>\n<p><a href=\"https:\/\/energyintelligence.se\/shop\/arkiv\/44\">Kom ig\u00e5ng guide<\/a><br \/>\n<a href=\"https:\/\/energyintelligence.se\/shop\/anvandarmanual\">Anv\u00e4ndarmanual<\/a><br \/>\n<a href=\"https:\/\/energyintelligence.se\/shop\/arkiv\/7\">User manual (english)<\/a><br \/>\n<a href=\"https:\/\/energyintelligence.se\/shop\/vanliga-fragor-och-svar\">Vanliga fr\u00e5gor och svar<\/a><\/p>\n","protected":false},"excerpt":{"rendered":"<p>F\u00e5 insikt i din smarta elm\u00e4tares m\u00e4tarst\u00e4llning och kontrollera din elf\u00f6rbrukning\u00a0 genom att enkelt integrera mot externa system med denna elm\u00e4tarl\u00e4sare som tr\u00e5dl\u00f6st skickar m\u00e4tarst\u00e4llning samt uppdelat per fas: sp\u00e4nning, str\u00f6mstyrka och effekt via MQTT.<\/p>\n","protected":false},"featured_media":1358,"comment_status":"closed","ping_status":"closed","template":"","meta":[],"product_cat":[16],"product_tag":[],"yoast_head":"<!-- This site is optimized with the Yoast SEO plugin v21.7 - https:\/\/yoast.com\/wordpress\/plugins\/seo\/ -->\n<title>P1\/HAN l\u00e4sare f\u00f6r smarta elm\u00e4tare (inbyggd wifi) - Energy Intelligence (en)<\/title>\n<meta name=\"robots\" content=\"index, follow, max-snippet:-1, max-image-preview:large, max-video-preview:-1\" \/>\n<link rel=\"canonical\" href=\"https:\/\/xyz.energyintelligence.se\/en\/product\/p1-till-mqtt-adapter\/\" \/>\n<meta property=\"og:locale\" content=\"en_US\" \/>\n<meta property=\"og:type\" content=\"article\" \/>\n<meta property=\"og:title\" content=\"P1\/HAN l\u00e4sare f\u00f6r smarta elm\u00e4tare (inbyggd wifi) - Energy Intelligence (en)\" \/>\n<meta property=\"og:description\" content=\"F\u00e5 insikt i din smarta elm\u00e4tares m\u00e4tarst\u00e4llning och kontrollera din elf\u00f6rbrukning\u00a0 genom att enkelt integrera mot externa system med denna elm\u00e4tarl\u00e4sare som tr\u00e5dl\u00f6st skickar m\u00e4tarst\u00e4llning samt uppdelat per fas: sp\u00e4nning, str\u00f6mstyrka och effekt via MQTT.\" \/>\n<meta property=\"og:url\" content=\"https:\/\/xyz.energyintelligence.se\/en\/product\/p1-till-mqtt-adapter\/\" \/>\n<meta property=\"og:site_name\" content=\"Energy Intelligence (en)\" \/>\n<meta name=\"twitter:card\" content=\"summary_large_image\" \/>\n<meta name=\"twitter:label1\" content=\"Est. reading time\" \/>\n\t<meta name=\"twitter:data1\" content=\"1 minute\" \/>\n<script type=\"application\/ld+json\" class=\"yoast-schema-graph\">{\"@context\":\"https:\/\/schema.org\",\"@graph\":[{\"@type\":\"WebPage\",\"@id\":\"https:\/\/xyz.energyintelligence.se\/en\/product\/p1-till-mqtt-adapter\/\",\"url\":\"https:\/\/xyz.energyintelligence.se\/en\/product\/p1-till-mqtt-adapter\/\",\"name\":\"P1\/HAN l\u00e4sare f\u00f6r smarta elm\u00e4tare (inbyggd wifi) - Energy Intelligence (en)\",\"isPartOf\":{\"@id\":\"https:\/\/xyz.energyintelligence.se\/en\/#website\"},\"datePublished\":\"2021-07-14T10:03:42+00:00\",\"dateModified\":\"2021-07-14T10:03:42+00:00\",\"breadcrumb\":{\"@id\":\"https:\/\/xyz.energyintelligence.se\/en\/product\/p1-till-mqtt-adapter\/#breadcrumb\"},\"inLanguage\":\"en-US\",\"potentialAction\":[{\"@type\":\"ReadAction\",\"target\":[\"https:\/\/xyz.energyintelligence.se\/en\/product\/p1-till-mqtt-adapter\/\"]}]},{\"@type\":\"BreadcrumbList\",\"@id\":\"https:\/\/xyz.energyintelligence.se\/en\/product\/p1-till-mqtt-adapter\/#breadcrumb\",\"itemListElement\":[{\"@type\":\"ListItem\",\"position\":1,\"name\":\"Hem\",\"item\":\"https:\/\/xyz.energyintelligence.se\/en\/\"},{\"@type\":\"ListItem\",\"position\":2,\"name\":\"Shop\",\"item\":\"https:\/\/xyz.energyintelligence.se\/en\/shop\/\"},{\"@type\":\"ListItem\",\"position\":3,\"name\":\"P1\/HAN l\u00e4sare f\u00f6r smarta elm\u00e4tare (inbyggd wifi)\"}]},{\"@type\":\"WebSite\",\"@id\":\"https:\/\/xyz.energyintelligence.se\/en\/#website\",\"url\":\"https:\/\/xyz.energyintelligence.se\/en\/\",\"name\":\"Energy Intelligence (en)\",\"description\":\"\",\"potentialAction\":[{\"@type\":\"SearchAction\",\"target\":{\"@type\":\"EntryPoint\",\"urlTemplate\":\"https:\/\/xyz.energyintelligence.se\/en\/?s={search_term_string}\"},\"query-input\":\"required name=search_term_string\"}],\"inLanguage\":\"en-US\"}]}<\/script>\n<!-- \/ Yoast SEO plugin. -->","yoast_head_json":{"title":"P1\/HAN l\u00e4sare f\u00f6r smarta elm\u00e4tare (inbyggd wifi) - Energy Intelligence (en)","robots":{"index":"index","follow":"follow","max-snippet":"max-snippet:-1","max-image-preview":"max-image-preview:large","max-video-preview":"max-video-preview:-1"},"canonical":"https:\/\/xyz.energyintelligence.se\/en\/product\/p1-till-mqtt-adapter\/","og_locale":"en_US","og_type":"article","og_title":"P1\/HAN l\u00e4sare f\u00f6r smarta elm\u00e4tare (inbyggd wifi) - Energy Intelligence (en)","og_description":"F\u00e5 insikt i din smarta elm\u00e4tares m\u00e4tarst\u00e4llning och kontrollera din elf\u00f6rbrukning\u00a0 genom att enkelt integrera mot externa system med denna elm\u00e4tarl\u00e4sare som tr\u00e5dl\u00f6st skickar m\u00e4tarst\u00e4llning samt uppdelat per fas: sp\u00e4nning, str\u00f6mstyrka och effekt via MQTT.","og_url":"https:\/\/xyz.energyintelligence.se\/en\/product\/p1-till-mqtt-adapter\/","og_site_name":"Energy Intelligence (en)","twitter_card":"summary_large_image","twitter_misc":{"Est. reading time":"1 minute"},"schema":{"@context":"https:\/\/schema.org","@graph":[{"@type":"WebPage","@id":"https:\/\/xyz.energyintelligence.se\/en\/product\/p1-till-mqtt-adapter\/","url":"https:\/\/xyz.energyintelligence.se\/en\/product\/p1-till-mqtt-adapter\/","name":"P1\/HAN l\u00e4sare f\u00f6r smarta elm\u00e4tare (inbyggd wifi) - Energy Intelligence (en)","isPartOf":{"@id":"https:\/\/xyz.energyintelligence.se\/en\/#website"},"datePublished":"2021-07-14T10:03:42+00:00","dateModified":"2021-07-14T10:03:42+00:00","breadcrumb":{"@id":"https:\/\/xyz.energyintelligence.se\/en\/product\/p1-till-mqtt-adapter\/#breadcrumb"},"inLanguage":"en-US","potentialAction":[{"@type":"ReadAction","target":["https:\/\/xyz.energyintelligence.se\/en\/product\/p1-till-mqtt-adapter\/"]}]},{"@type":"BreadcrumbList","@id":"https:\/\/xyz.energyintelligence.se\/en\/product\/p1-till-mqtt-adapter\/#breadcrumb","itemListElement":[{"@type":"ListItem","position":1,"name":"Hem","item":"https:\/\/xyz.energyintelligence.se\/en\/"},{"@type":"ListItem","position":2,"name":"Shop","item":"https:\/\/xyz.energyintelligence.se\/en\/shop\/"},{"@type":"ListItem","position":3,"name":"P1\/HAN l\u00e4sare f\u00f6r smarta elm\u00e4tare (inbyggd wifi)"}]},{"@type":"WebSite","@id":"https:\/\/xyz.energyintelligence.se\/en\/#website","url":"https:\/\/xyz.energyintelligence.se\/en\/","name":"Energy Intelligence (en)","description":"","potentialAction":[{"@type":"SearchAction","target":{"@type":"EntryPoint","urlTemplate":"https:\/\/xyz.energyintelligence.se\/en\/?s={search_term_string}"},"query-input":"required name=search_term_string"}],"inLanguage":"en-US"}]}},"_links":{"self":[{"href":"https:\/\/xyz.energyintelligence.se\/en\/wp-json\/wp\/v2\/product\/16"}],"collection":[{"href":"https:\/\/xyz.energyintelligence.se\/en\/wp-json\/wp\/v2\/product"}],"about":[{"href":"https:\/\/xyz.energyintelligence.se\/en\/wp-json\/wp\/v2\/types\/product"}],"replies":[{"embeddable":true,"href":"https:\/\/xyz.energyintelligence.se\/en\/wp-json\/wp\/v2\/comments?post=16"}],"wp:featuredmedia":[{"embeddable":true,"href":"https:\/\/xyz.energyintelligence.se\/en\/wp-json\/"}],"wp:attachment":[{"href":"https:\/\/xyz.energyintelligence.se\/en\/wp-json\/wp\/v2\/media?parent=16"}],"wp:term":[{"taxonomy":"product_cat","embeddable":true,"href":"https:\/\/xyz.energyintelligence.se\/en\/wp-json\/wp\/v2\/product_cat?post=16"},{"taxonomy":"product_tag","embeddable":true,"href":"https:\/\/xyz.energyintelligence.se\/en\/wp-json\/wp\/v2\/product_tag?post=16"}],"curies":[{"name":"wp","href":"https:\/\/api.w.org\/{rel}","templated":true}]}}