{"id":160,"date":"2021-09-17T12:54:54","date_gmt":"2021-09-17T10:54:54","guid":{"rendered":"https:\/\/energyintelligence.se\/shop\/?post_type=product&amp;p=160"},"modified":"2021-09-17T12:54:54","modified_gmt":"2021-09-17T10:54:54","slug":"dvargbrytare-2-polig-dc-25-a","status":"publish","type":"product","link":"https:\/\/xyz.energyintelligence.se\/en\/product\/dvargbrytare-2-polig-dc-25-a\/","title":{"rendered":"Dv\u00e4rgbrytare DC 25 A 2 pol"},"content":{"rendered":"<p>I en solcellsanl\u00e4ggning skall man ha s\u00e4kringar\/brytare som \u00e4r anpassade f\u00f6r likstr\u00f6m (DC). Dessa s\u00e4kringar\/brytare \u00e4r anpassade f\u00f6r MC4 kopplade solpaneler. MC4 kontakten skall h\u00f6gst uts\u00e4ttas f\u00f6r 30 A d\u00e4rav den n\u00e5got l\u00e4gre nominella str\u00f6mstyrkan f\u00f6r brytarna.<\/p>\n<p>CE-m\u00e4rkt.<\/p>\n","protected":false},"excerpt":{"rendered":"<p>I en solcellsanl\u00e4ggning skall man ha s\u00e4kringar\/brytare som \u00e4r anpassade f\u00f6r likstr\u00f6m (DC). Dessa s\u00e4kringar\/brytare \u00e4r anpassade f\u00f6r MC4 kopplade solpaneler. MC4 kontakten skall h\u00f6gst uts\u00e4ttas f\u00f6r 30 A d\u00e4rav den n\u00e5got l\u00e4gre nominella str\u00f6mstyrkan f\u00f6r brytarna. CE-m\u00e4rkt.<\/p>\n","protected":false},"featured_media":165,"comment_status":"closed","ping_status":"closed","template":"","meta":[],"product_cat":[17],"product_tag":[],"yoast_head":"<!-- This site is optimized with the Yoast SEO plugin v21.7 - https:\/\/yoast.com\/wordpress\/plugins\/seo\/ -->\n<title>Dv\u00e4rgbrytare DC 25 A 2 pol - Energy Intelligence (en)<\/title>\n<meta name=\"robots\" content=\"index, follow, max-snippet:-1, max-image-preview:large, max-video-preview:-1\" \/>\n<link rel=\"canonical\" href=\"https:\/\/xyz.energyintelligence.se\/en\/product\/dvargbrytare-2-polig-dc-25-a\/\" \/>\n<meta property=\"og:locale\" content=\"en_US\" \/>\n<meta property=\"og:type\" content=\"article\" \/>\n<meta property=\"og:title\" content=\"Dv\u00e4rgbrytare DC 25 A 2 pol - Energy Intelligence (en)\" \/>\n<meta property=\"og:description\" content=\"I en solcellsanl\u00e4ggning skall man ha s\u00e4kringar\/brytare som \u00e4r anpassade f\u00f6r likstr\u00f6m (DC). Dessa s\u00e4kringar\/brytare \u00e4r anpassade f\u00f6r MC4 kopplade solpaneler. MC4 kontakten skall h\u00f6gst uts\u00e4ttas f\u00f6r 30 A d\u00e4rav den n\u00e5got l\u00e4gre nominella str\u00f6mstyrkan f\u00f6r brytarna. CE-m\u00e4rkt.\" \/>\n<meta property=\"og:url\" content=\"https:\/\/xyz.energyintelligence.se\/en\/product\/dvargbrytare-2-polig-dc-25-a\/\" \/>\n<meta property=\"og:site_name\" content=\"Energy Intelligence (en)\" \/>\n<meta name=\"twitter:card\" content=\"summary_large_image\" \/>\n<script type=\"application\/ld+json\" class=\"yoast-schema-graph\">{\"@context\":\"https:\/\/schema.org\",\"@graph\":[{\"@type\":\"WebPage\",\"@id\":\"https:\/\/xyz.energyintelligence.se\/en\/product\/dvargbrytare-2-polig-dc-25-a\/\",\"url\":\"https:\/\/xyz.energyintelligence.se\/en\/product\/dvargbrytare-2-polig-dc-25-a\/\",\"name\":\"Dv\u00e4rgbrytare DC 25 A 2 pol - Energy Intelligence (en)\",\"isPartOf\":{\"@id\":\"https:\/\/xyz.energyintelligence.se\/en\/#website\"},\"datePublished\":\"2021-09-17T10:54:54+00:00\",\"dateModified\":\"2021-09-17T10:54:54+00:00\",\"breadcrumb\":{\"@id\":\"https:\/\/xyz.energyintelligence.se\/en\/product\/dvargbrytare-2-polig-dc-25-a\/#breadcrumb\"},\"inLanguage\":\"en-US\",\"potentialAction\":[{\"@type\":\"ReadAction\",\"target\":[\"https:\/\/xyz.energyintelligence.se\/en\/product\/dvargbrytare-2-polig-dc-25-a\/\"]}]},{\"@type\":\"BreadcrumbList\",\"@id\":\"https:\/\/xyz.energyintelligence.se\/en\/product\/dvargbrytare-2-polig-dc-25-a\/#breadcrumb\",\"itemListElement\":[{\"@type\":\"ListItem\",\"position\":1,\"name\":\"Hem\",\"item\":\"https:\/\/xyz.energyintelligence.se\/en\/\"},{\"@type\":\"ListItem\",\"position\":2,\"name\":\"Shop\",\"item\":\"https:\/\/xyz.energyintelligence.se\/en\/shop\/\"},{\"@type\":\"ListItem\",\"position\":3,\"name\":\"Dv\u00e4rgbrytare DC 25 A 2 pol\"}]},{\"@type\":\"WebSite\",\"@id\":\"https:\/\/xyz.energyintelligence.se\/en\/#website\",\"url\":\"https:\/\/xyz.energyintelligence.se\/en\/\",\"name\":\"Energy Intelligence (en)\",\"description\":\"\",\"potentialAction\":[{\"@type\":\"SearchAction\",\"target\":{\"@type\":\"EntryPoint\",\"urlTemplate\":\"https:\/\/xyz.energyintelligence.se\/en\/?s={search_term_string}\"},\"query-input\":\"required name=search_term_string\"}],\"inLanguage\":\"en-US\"}]}<\/script>\n<!-- \/ Yoast SEO plugin. -->","yoast_head_json":{"title":"Dv\u00e4rgbrytare DC 25 A 2 pol - Energy Intelligence (en)","robots":{"index":"index","follow":"follow","max-snippet":"max-snippet:-1","max-image-preview":"max-image-preview:large","max-video-preview":"max-video-preview:-1"},"canonical":"https:\/\/xyz.energyintelligence.se\/en\/product\/dvargbrytare-2-polig-dc-25-a\/","og_locale":"en_US","og_type":"article","og_title":"Dv\u00e4rgbrytare DC 25 A 2 pol - Energy Intelligence (en)","og_description":"I en solcellsanl\u00e4ggning skall man ha s\u00e4kringar\/brytare som \u00e4r anpassade f\u00f6r likstr\u00f6m (DC). Dessa s\u00e4kringar\/brytare \u00e4r anpassade f\u00f6r MC4 kopplade solpaneler. MC4 kontakten skall h\u00f6gst uts\u00e4ttas f\u00f6r 30 A d\u00e4rav den n\u00e5got l\u00e4gre nominella str\u00f6mstyrkan f\u00f6r brytarna. CE-m\u00e4rkt.","og_url":"https:\/\/xyz.energyintelligence.se\/en\/product\/dvargbrytare-2-polig-dc-25-a\/","og_site_name":"Energy Intelligence (en)","twitter_card":"summary_large_image","schema":{"@context":"https:\/\/schema.org","@graph":[{"@type":"WebPage","@id":"https:\/\/xyz.energyintelligence.se\/en\/product\/dvargbrytare-2-polig-dc-25-a\/","url":"https:\/\/xyz.energyintelligence.se\/en\/product\/dvargbrytare-2-polig-dc-25-a\/","name":"Dv\u00e4rgbrytare DC 25 A 2 pol - Energy Intelligence (en)","isPartOf":{"@id":"https:\/\/xyz.energyintelligence.se\/en\/#website"},"datePublished":"2021-09-17T10:54:54+00:00","dateModified":"2021-09-17T10:54:54+00:00","breadcrumb":{"@id":"https:\/\/xyz.energyintelligence.se\/en\/product\/dvargbrytare-2-polig-dc-25-a\/#breadcrumb"},"inLanguage":"en-US","potentialAction":[{"@type":"ReadAction","target":["https:\/\/xyz.energyintelligence.se\/en\/product\/dvargbrytare-2-polig-dc-25-a\/"]}]},{"@type":"BreadcrumbList","@id":"https:\/\/xyz.energyintelligence.se\/en\/product\/dvargbrytare-2-polig-dc-25-a\/#breadcrumb","itemListElement":[{"@type":"ListItem","position":1,"name":"Hem","item":"https:\/\/xyz.energyintelligence.se\/en\/"},{"@type":"ListItem","position":2,"name":"Shop","item":"https:\/\/xyz.energyintelligence.se\/en\/shop\/"},{"@type":"ListItem","position":3,"name":"Dv\u00e4rgbrytare DC 25 A 2 pol"}]},{"@type":"WebSite","@id":"https:\/\/xyz.energyintelligence.se\/en\/#website","url":"https:\/\/xyz.energyintelligence.se\/en\/","name":"Energy Intelligence (en)","description":"","potentialAction":[{"@type":"SearchAction","target":{"@type":"EntryPoint","urlTemplate":"https:\/\/xyz.energyintelligence.se\/en\/?s={search_term_string}"},"query-input":"required name=search_term_string"}],"inLanguage":"en-US"}]}},"_links":{"self":[{"href":"https:\/\/xyz.energyintelligence.se\/en\/wp-json\/wp\/v2\/product\/160"}],"collection":[{"href":"https:\/\/xyz.energyintelligence.se\/en\/wp-json\/wp\/v2\/product"}],"about":[{"href":"https:\/\/xyz.energyintelligence.se\/en\/wp-json\/wp\/v2\/types\/product"}],"replies":[{"embeddable":true,"href":"https:\/\/xyz.energyintelligence.se\/en\/wp-json\/wp\/v2\/comments?post=160"}],"wp:featuredmedia":[{"embeddable":true,"href":"https:\/\/xyz.energyintelligence.se\/en\/wp-json\/"}],"wp:attachment":[{"href":"https:\/\/xyz.energyintelligence.se\/en\/wp-json\/wp\/v2\/media?parent=160"}],"wp:term":[{"taxonomy":"product_cat","embeddable":true,"href":"https:\/\/xyz.energyintelligence.se\/en\/wp-json\/wp\/v2\/product_cat?post=160"},{"taxonomy":"product_tag","embeddable":true,"href":"https:\/\/xyz.energyintelligence.se\/en\/wp-json\/wp\/v2\/product_tag?post=160"}],"curies":[{"name":"wp","href":"https:\/\/api.w.org\/{rel}","templated":true}]}}