{"id":288,"date":"2022-01-22T20:30:20","date_gmt":"2022-01-22T18:30:20","guid":{"rendered":"https:\/\/energyintelligence.se\/shop\/?post_type=product&amp;p=288"},"modified":"2022-01-22T20:30:20","modified_gmt":"2022-01-22T18:30:20","slug":"stromforsorjning-5-v-din-monterbar","status":"publish","type":"product","link":"https:\/\/xyz.energyintelligence.se\/en\/product\/stromforsorjning-5-v-din-monterbar\/","title":{"rendered":"Str\u00f6mf\u00f6rs\u00f6rjning 5V DIN-monterbar"},"content":{"rendered":"<p>DIN-monterbar transformator f\u00f6r extern str\u00f6mf\u00f6rs\u00f6rjning. Obs, denna skall monteras fast, vilket kr\u00e4ver en beh\u00f6rig elektriker.<\/p>\n<p>Extern str\u00f6mf\u00f6rs\u00f6rjning beh\u00f6vs normalt i tv\u00e5 fall<\/p>\n<p>* Elm\u00e4taren tillhandah\u00e5ller ej str\u00f6m p\u00e5 P12 porten. Detta g\u00e4ller t ex Kamstrup Omnipower.<\/p>\n<p>* Elm\u00e4taren tillhandah\u00e5ller ej tillr\u00e4ckligt med str\u00f6m p\u00e5 P12 porten. Detta g\u00e4ller ifall du k\u00f6r en avl\u00e4sare med h\u00f6gre str\u00f6mkrav, t ex extern wifi-antenn.<\/p>\n<p>Det g\u00e5r att anv\u00e4nda en vanlig 5 V adapter. T ex fungerar str\u00f6madaptrar f\u00f6r Raspberry Pi v\u00e4ldigt bra f\u00f6r syftet. Den har en stickkontakt och beh\u00f6ver d\u00e5 d\u00e4rf\u00f6r inte fast montering.<\/p>\n<p>V\u00e5ra elm\u00e4taravl\u00e4sare g\u00e5r \u00e4ven att str\u00f6mf\u00f6rs\u00f6rja via USB-porten. Ytterligare ett alternativ till str\u00f6mf\u00f6rs\u00f6rjning \u00e4r att anv\u00e4nda en <a href=\"https:\/\/energyintelligence.se\/shop\/product\/aktiv-p1-splitter-forstarkare\">aktiv splitter\/f\u00f6rst\u00e4rkare<\/a>.<\/p>\n","protected":false},"excerpt":{"rendered":"<p>DIN-monterbar transformator f\u00f6r extern str\u00f6mf\u00f6rs\u00f6rjning. Obs, denna skall monteras fast, vilket kr\u00e4ver en beh\u00f6rig elektriker. Extern str\u00f6mf\u00f6rs\u00f6rjning beh\u00f6vs normalt i tv\u00e5 fall * Elm\u00e4taren tillhandah\u00e5ller ej str\u00f6m p\u00e5 P12 porten. Detta g\u00e4ller t ex Kamstrup Omnipower. * Elm\u00e4taren tillhandah\u00e5ller ej tillr\u00e4ckligt med str\u00f6m p\u00e5 P12 porten. Detta g\u00e4ller ifall du k\u00f6r en avl\u00e4sare med h\u00f6gre [&hellip;]<\/p>\n","protected":false},"featured_media":289,"comment_status":"closed","ping_status":"closed","template":"","meta":[],"product_cat":[17],"product_tag":[],"yoast_head":"<!-- This site is optimized with the Yoast SEO plugin v21.7 - https:\/\/yoast.com\/wordpress\/plugins\/seo\/ -->\n<title>Str\u00f6mf\u00f6rs\u00f6rjning 5V DIN-monterbar - Energy Intelligence (en)<\/title>\n<meta name=\"robots\" content=\"index, follow, max-snippet:-1, max-image-preview:large, max-video-preview:-1\" \/>\n<link rel=\"canonical\" href=\"https:\/\/xyz.energyintelligence.se\/en\/product\/stromforsorjning-5-v-din-monterbar\/\" \/>\n<meta property=\"og:locale\" content=\"en_US\" \/>\n<meta property=\"og:type\" content=\"article\" \/>\n<meta property=\"og:title\" content=\"Str\u00f6mf\u00f6rs\u00f6rjning 5V DIN-monterbar - Energy Intelligence (en)\" \/>\n<meta property=\"og:description\" content=\"DIN-monterbar transformator f\u00f6r extern str\u00f6mf\u00f6rs\u00f6rjning. Obs, denna skall monteras fast, vilket kr\u00e4ver en beh\u00f6rig elektriker. Extern str\u00f6mf\u00f6rs\u00f6rjning beh\u00f6vs normalt i tv\u00e5 fall * Elm\u00e4taren tillhandah\u00e5ller ej str\u00f6m p\u00e5 P12 porten. Detta g\u00e4ller t ex Kamstrup Omnipower. * Elm\u00e4taren tillhandah\u00e5ller ej tillr\u00e4ckligt med str\u00f6m p\u00e5 P12 porten. Detta g\u00e4ller ifall du k\u00f6r en avl\u00e4sare med h\u00f6gre [&hellip;]\" \/>\n<meta property=\"og:url\" content=\"https:\/\/xyz.energyintelligence.se\/en\/product\/stromforsorjning-5-v-din-monterbar\/\" \/>\n<meta property=\"og:site_name\" content=\"Energy Intelligence (en)\" \/>\n<meta name=\"twitter:card\" content=\"summary_large_image\" \/>\n<meta name=\"twitter:label1\" content=\"Est. reading time\" \/>\n\t<meta name=\"twitter:data1\" content=\"1 minute\" \/>\n<script type=\"application\/ld+json\" class=\"yoast-schema-graph\">{\"@context\":\"https:\/\/schema.org\",\"@graph\":[{\"@type\":\"WebPage\",\"@id\":\"https:\/\/xyz.energyintelligence.se\/en\/product\/stromforsorjning-5-v-din-monterbar\/\",\"url\":\"https:\/\/xyz.energyintelligence.se\/en\/product\/stromforsorjning-5-v-din-monterbar\/\",\"name\":\"Str\u00f6mf\u00f6rs\u00f6rjning 5V DIN-monterbar - Energy Intelligence (en)\",\"isPartOf\":{\"@id\":\"https:\/\/xyz.energyintelligence.se\/en\/#website\"},\"datePublished\":\"2022-01-22T18:30:20+00:00\",\"dateModified\":\"2022-01-22T18:30:20+00:00\",\"breadcrumb\":{\"@id\":\"https:\/\/xyz.energyintelligence.se\/en\/product\/stromforsorjning-5-v-din-monterbar\/#breadcrumb\"},\"inLanguage\":\"en-US\",\"potentialAction\":[{\"@type\":\"ReadAction\",\"target\":[\"https:\/\/xyz.energyintelligence.se\/en\/product\/stromforsorjning-5-v-din-monterbar\/\"]}]},{\"@type\":\"BreadcrumbList\",\"@id\":\"https:\/\/xyz.energyintelligence.se\/en\/product\/stromforsorjning-5-v-din-monterbar\/#breadcrumb\",\"itemListElement\":[{\"@type\":\"ListItem\",\"position\":1,\"name\":\"Hem\",\"item\":\"https:\/\/xyz.energyintelligence.se\/en\/\"},{\"@type\":\"ListItem\",\"position\":2,\"name\":\"Shop\",\"item\":\"https:\/\/xyz.energyintelligence.se\/en\/shop\/\"},{\"@type\":\"ListItem\",\"position\":3,\"name\":\"Str\u00f6mf\u00f6rs\u00f6rjning 5V DIN-monterbar\"}]},{\"@type\":\"WebSite\",\"@id\":\"https:\/\/xyz.energyintelligence.se\/en\/#website\",\"url\":\"https:\/\/xyz.energyintelligence.se\/en\/\",\"name\":\"Energy Intelligence (en)\",\"description\":\"\",\"potentialAction\":[{\"@type\":\"SearchAction\",\"target\":{\"@type\":\"EntryPoint\",\"urlTemplate\":\"https:\/\/xyz.energyintelligence.se\/en\/?s={search_term_string}\"},\"query-input\":\"required name=search_term_string\"}],\"inLanguage\":\"en-US\"}]}<\/script>\n<!-- \/ Yoast SEO plugin. -->","yoast_head_json":{"title":"Str\u00f6mf\u00f6rs\u00f6rjning 5V DIN-monterbar - Energy Intelligence (en)","robots":{"index":"index","follow":"follow","max-snippet":"max-snippet:-1","max-image-preview":"max-image-preview:large","max-video-preview":"max-video-preview:-1"},"canonical":"https:\/\/xyz.energyintelligence.se\/en\/product\/stromforsorjning-5-v-din-monterbar\/","og_locale":"en_US","og_type":"article","og_title":"Str\u00f6mf\u00f6rs\u00f6rjning 5V DIN-monterbar - Energy Intelligence (en)","og_description":"DIN-monterbar transformator f\u00f6r extern str\u00f6mf\u00f6rs\u00f6rjning. Obs, denna skall monteras fast, vilket kr\u00e4ver en beh\u00f6rig elektriker. Extern str\u00f6mf\u00f6rs\u00f6rjning beh\u00f6vs normalt i tv\u00e5 fall * Elm\u00e4taren tillhandah\u00e5ller ej str\u00f6m p\u00e5 P12 porten. Detta g\u00e4ller t ex Kamstrup Omnipower. * Elm\u00e4taren tillhandah\u00e5ller ej tillr\u00e4ckligt med str\u00f6m p\u00e5 P12 porten. Detta g\u00e4ller ifall du k\u00f6r en avl\u00e4sare med h\u00f6gre [&hellip;]","og_url":"https:\/\/xyz.energyintelligence.se\/en\/product\/stromforsorjning-5-v-din-monterbar\/","og_site_name":"Energy Intelligence (en)","twitter_card":"summary_large_image","twitter_misc":{"Est. reading time":"1 minute"},"schema":{"@context":"https:\/\/schema.org","@graph":[{"@type":"WebPage","@id":"https:\/\/xyz.energyintelligence.se\/en\/product\/stromforsorjning-5-v-din-monterbar\/","url":"https:\/\/xyz.energyintelligence.se\/en\/product\/stromforsorjning-5-v-din-monterbar\/","name":"Str\u00f6mf\u00f6rs\u00f6rjning 5V DIN-monterbar - Energy Intelligence (en)","isPartOf":{"@id":"https:\/\/xyz.energyintelligence.se\/en\/#website"},"datePublished":"2022-01-22T18:30:20+00:00","dateModified":"2022-01-22T18:30:20+00:00","breadcrumb":{"@id":"https:\/\/xyz.energyintelligence.se\/en\/product\/stromforsorjning-5-v-din-monterbar\/#breadcrumb"},"inLanguage":"en-US","potentialAction":[{"@type":"ReadAction","target":["https:\/\/xyz.energyintelligence.se\/en\/product\/stromforsorjning-5-v-din-monterbar\/"]}]},{"@type":"BreadcrumbList","@id":"https:\/\/xyz.energyintelligence.se\/en\/product\/stromforsorjning-5-v-din-monterbar\/#breadcrumb","itemListElement":[{"@type":"ListItem","position":1,"name":"Hem","item":"https:\/\/xyz.energyintelligence.se\/en\/"},{"@type":"ListItem","position":2,"name":"Shop","item":"https:\/\/xyz.energyintelligence.se\/en\/shop\/"},{"@type":"ListItem","position":3,"name":"Str\u00f6mf\u00f6rs\u00f6rjning 5V DIN-monterbar"}]},{"@type":"WebSite","@id":"https:\/\/xyz.energyintelligence.se\/en\/#website","url":"https:\/\/xyz.energyintelligence.se\/en\/","name":"Energy Intelligence (en)","description":"","potentialAction":[{"@type":"SearchAction","target":{"@type":"EntryPoint","urlTemplate":"https:\/\/xyz.energyintelligence.se\/en\/?s={search_term_string}"},"query-input":"required name=search_term_string"}],"inLanguage":"en-US"}]}},"_links":{"self":[{"href":"https:\/\/xyz.energyintelligence.se\/en\/wp-json\/wp\/v2\/product\/288"}],"collection":[{"href":"https:\/\/xyz.energyintelligence.se\/en\/wp-json\/wp\/v2\/product"}],"about":[{"href":"https:\/\/xyz.energyintelligence.se\/en\/wp-json\/wp\/v2\/types\/product"}],"replies":[{"embeddable":true,"href":"https:\/\/xyz.energyintelligence.se\/en\/wp-json\/wp\/v2\/comments?post=288"}],"wp:featuredmedia":[{"embeddable":true,"href":"https:\/\/xyz.energyintelligence.se\/en\/wp-json\/"}],"wp:attachment":[{"href":"https:\/\/xyz.energyintelligence.se\/en\/wp-json\/wp\/v2\/media?parent=288"}],"wp:term":[{"taxonomy":"product_cat","embeddable":true,"href":"https:\/\/xyz.energyintelligence.se\/en\/wp-json\/wp\/v2\/product_cat?post=288"},{"taxonomy":"product_tag","embeddable":true,"href":"https:\/\/xyz.energyintelligence.se\/en\/wp-json\/wp\/v2\/product_tag?post=288"}],"curies":[{"name":"wp","href":"https:\/\/api.w.org\/{rel}","templated":true}]}}