{"id":379,"date":"2022-04-25T20:38:13","date_gmt":"2022-04-25T18:38:13","guid":{"rendered":"https:\/\/energyintelligence.se\/shop\/?post_type=product&amp;p=379"},"modified":"2022-04-25T20:38:13","modified_gmt":"2022-04-25T18:38:13","slug":"p1-han-till-usb-adapter","status":"publish","type":"product","link":"https:\/\/xyz.energyintelligence.se\/en\/product\/p1-han-till-usb-adapter\/","title":{"rendered":"P1\/HAN till USB-adapter"},"content":{"rendered":"<p>Denna adapter omvandlar HAN-portens seriella data till data som kan l\u00e4sas av en vanlig USB-port p\u00e5 en dator.<\/p>\n<p>Till denna beh\u00f6ver man \u00e4ven en rak <a href=\"https:\/\/energyintelligence.se\/shop\/product\/rj12-rak-kabel-06-m-gra\">RJ12-kabel<\/a> + en <a href=\"https:\/\/energyintelligence.se\/shop\/product\/usb-302s\">USB-micro-B kabel<\/a> som klarar data\u00f6verf\u00f6ring.<\/p>\n<p>USB-porten st\u00e4lls in p\u00e5 115200 baud.<\/p>\n<p>Exakt hur man &#8220;pratar&#8221; med USB-porten beror p\u00e5 vilken dator och operativsystem man har.<\/p>\n<p>Ett enkelt s\u00e4tt att testa porten \u00e4r att anv\u00e4nda sig av t ex Serial Monitor i <a href=\"https:\/\/www.arduino.cc\/en\/software\" target=\"_blank\" rel=\"noopener\">Arduino IDE<\/a>.<\/p>\n<p>V\u00e5ra tester har visat att en USB-adapter klarar l\u00e4ngre kabell\u00e4ngder (RJ-12). T ex kan vi utan problem l\u00e4sa av en Kamstrup Omnipower med en <a href=\"https:\/\/energyintelligence.se\/shop\/product\/rj12-rak-kabel-10-m-vit\">10 m RJ-12 kabel<\/a> via USB-adaptern.<\/p>\n","protected":false},"excerpt":{"rendered":"<p>Denna adapter omvandlar HAN-portens seriella data till data som kan l\u00e4sas av en vanlig USB-port p\u00e5 en dator.<\/p>\n<p>Vill ni snygga till monteringen av denna och har en 3D-skrivare kan ni anv\u00e4nda v\u00e5r <a href=\"https:\/\/energyintelligence.se\/shop\/product\/stl-fil-till-3d-skrivare-for-p1-usb-adapter\">STL-fil<\/a>.<\/p>\n<p><a href=\"https:\/\/reko.nackaenergi.se\/elmatarbyte\/\" target=\"_blank\" rel=\"noopener\">Nacka Energi<\/a> har gjort en <a href=\"https:\/\/reko.nackaenergi.se\/wp-content\/uploads\/2022\/05\/Elm%C3%A4taren-sitter-inomhus-1.pdf\" target=\"_blank\" rel=\"noopener\">lathund<\/a> f\u00f6r hur man kopplar ihop denna USB-adapter med en Raspberry Pi och Home Assistant.<\/p>\n<p>Vi har \u00e4ven en <a href=\"https:\/\/energyintelligence.se\/shop\/product\/p1-usb-din\">DIN-skenemonterbar USB-adapter<\/a>.<\/p>\n<p>&nbsp;<\/p>\n","protected":false},"featured_media":387,"comment_status":"closed","ping_status":"closed","template":"","meta":[],"product_cat":[16],"product_tag":[],"yoast_head":"<!-- This site is optimized with the Yoast SEO plugin v21.7 - https:\/\/yoast.com\/wordpress\/plugins\/seo\/ -->\n<title>P1\/HAN till USB-adapter - Energy Intelligence (en)<\/title>\n<meta name=\"robots\" content=\"index, follow, max-snippet:-1, max-image-preview:large, max-video-preview:-1\" \/>\n<link rel=\"canonical\" href=\"https:\/\/xyz.energyintelligence.se\/en\/product\/p1-han-till-usb-adapter\/\" \/>\n<meta property=\"og:locale\" content=\"en_US\" \/>\n<meta property=\"og:type\" content=\"article\" \/>\n<meta property=\"og:title\" content=\"P1\/HAN till USB-adapter - Energy Intelligence (en)\" \/>\n<meta property=\"og:description\" content=\"Denna adapter omvandlar HAN-portens seriella data till data som kan l\u00e4sas av en vanlig USB-port p\u00e5 en dator. Vill ni snygga till monteringen av denna och har en 3D-skrivare kan ni anv\u00e4nda v\u00e5r STL-fil. Nacka Energi har gjort en lathund f\u00f6r hur man kopplar ihop denna USB-adapter med en Raspberry Pi och Home Assistant. Vi har \u00e4ven en DIN-skenemonterbar USB-adapter. &nbsp;\" \/>\n<meta property=\"og:url\" content=\"https:\/\/xyz.energyintelligence.se\/en\/product\/p1-han-till-usb-adapter\/\" \/>\n<meta property=\"og:site_name\" content=\"Energy Intelligence (en)\" \/>\n<meta name=\"twitter:card\" content=\"summary_large_image\" \/>\n<meta name=\"twitter:label1\" content=\"Est. reading time\" \/>\n\t<meta name=\"twitter:data1\" content=\"1 minute\" \/>\n<script type=\"application\/ld+json\" class=\"yoast-schema-graph\">{\"@context\":\"https:\/\/schema.org\",\"@graph\":[{\"@type\":\"WebPage\",\"@id\":\"https:\/\/xyz.energyintelligence.se\/en\/product\/p1-han-till-usb-adapter\/\",\"url\":\"https:\/\/xyz.energyintelligence.se\/en\/product\/p1-han-till-usb-adapter\/\",\"name\":\"P1\/HAN till USB-adapter - Energy Intelligence (en)\",\"isPartOf\":{\"@id\":\"https:\/\/xyz.energyintelligence.se\/en\/#website\"},\"datePublished\":\"2022-04-25T18:38:13+00:00\",\"dateModified\":\"2022-04-25T18:38:13+00:00\",\"breadcrumb\":{\"@id\":\"https:\/\/xyz.energyintelligence.se\/en\/product\/p1-han-till-usb-adapter\/#breadcrumb\"},\"inLanguage\":\"en-US\",\"potentialAction\":[{\"@type\":\"ReadAction\",\"target\":[\"https:\/\/xyz.energyintelligence.se\/en\/product\/p1-han-till-usb-adapter\/\"]}]},{\"@type\":\"BreadcrumbList\",\"@id\":\"https:\/\/xyz.energyintelligence.se\/en\/product\/p1-han-till-usb-adapter\/#breadcrumb\",\"itemListElement\":[{\"@type\":\"ListItem\",\"position\":1,\"name\":\"Hem\",\"item\":\"https:\/\/xyz.energyintelligence.se\/en\/\"},{\"@type\":\"ListItem\",\"position\":2,\"name\":\"Shop\",\"item\":\"https:\/\/xyz.energyintelligence.se\/en\/shop\/\"},{\"@type\":\"ListItem\",\"position\":3,\"name\":\"P1\/HAN till USB-adapter\"}]},{\"@type\":\"WebSite\",\"@id\":\"https:\/\/xyz.energyintelligence.se\/en\/#website\",\"url\":\"https:\/\/xyz.energyintelligence.se\/en\/\",\"name\":\"Energy Intelligence (en)\",\"description\":\"\",\"potentialAction\":[{\"@type\":\"SearchAction\",\"target\":{\"@type\":\"EntryPoint\",\"urlTemplate\":\"https:\/\/xyz.energyintelligence.se\/en\/?s={search_term_string}\"},\"query-input\":\"required name=search_term_string\"}],\"inLanguage\":\"en-US\"}]}<\/script>\n<!-- \/ Yoast SEO plugin. -->","yoast_head_json":{"title":"P1\/HAN till USB-adapter - Energy Intelligence (en)","robots":{"index":"index","follow":"follow","max-snippet":"max-snippet:-1","max-image-preview":"max-image-preview:large","max-video-preview":"max-video-preview:-1"},"canonical":"https:\/\/xyz.energyintelligence.se\/en\/product\/p1-han-till-usb-adapter\/","og_locale":"en_US","og_type":"article","og_title":"P1\/HAN till USB-adapter - Energy Intelligence (en)","og_description":"Denna adapter omvandlar HAN-portens seriella data till data som kan l\u00e4sas av en vanlig USB-port p\u00e5 en dator. Vill ni snygga till monteringen av denna och har en 3D-skrivare kan ni anv\u00e4nda v\u00e5r STL-fil. Nacka Energi har gjort en lathund f\u00f6r hur man kopplar ihop denna USB-adapter med en Raspberry Pi och Home Assistant. Vi har \u00e4ven en DIN-skenemonterbar USB-adapter. &nbsp;","og_url":"https:\/\/xyz.energyintelligence.se\/en\/product\/p1-han-till-usb-adapter\/","og_site_name":"Energy Intelligence (en)","twitter_card":"summary_large_image","twitter_misc":{"Est. reading time":"1 minute"},"schema":{"@context":"https:\/\/schema.org","@graph":[{"@type":"WebPage","@id":"https:\/\/xyz.energyintelligence.se\/en\/product\/p1-han-till-usb-adapter\/","url":"https:\/\/xyz.energyintelligence.se\/en\/product\/p1-han-till-usb-adapter\/","name":"P1\/HAN till USB-adapter - Energy Intelligence (en)","isPartOf":{"@id":"https:\/\/xyz.energyintelligence.se\/en\/#website"},"datePublished":"2022-04-25T18:38:13+00:00","dateModified":"2022-04-25T18:38:13+00:00","breadcrumb":{"@id":"https:\/\/xyz.energyintelligence.se\/en\/product\/p1-han-till-usb-adapter\/#breadcrumb"},"inLanguage":"en-US","potentialAction":[{"@type":"ReadAction","target":["https:\/\/xyz.energyintelligence.se\/en\/product\/p1-han-till-usb-adapter\/"]}]},{"@type":"BreadcrumbList","@id":"https:\/\/xyz.energyintelligence.se\/en\/product\/p1-han-till-usb-adapter\/#breadcrumb","itemListElement":[{"@type":"ListItem","position":1,"name":"Hem","item":"https:\/\/xyz.energyintelligence.se\/en\/"},{"@type":"ListItem","position":2,"name":"Shop","item":"https:\/\/xyz.energyintelligence.se\/en\/shop\/"},{"@type":"ListItem","position":3,"name":"P1\/HAN till USB-adapter"}]},{"@type":"WebSite","@id":"https:\/\/xyz.energyintelligence.se\/en\/#website","url":"https:\/\/xyz.energyintelligence.se\/en\/","name":"Energy Intelligence (en)","description":"","potentialAction":[{"@type":"SearchAction","target":{"@type":"EntryPoint","urlTemplate":"https:\/\/xyz.energyintelligence.se\/en\/?s={search_term_string}"},"query-input":"required name=search_term_string"}],"inLanguage":"en-US"}]}},"_links":{"self":[{"href":"https:\/\/xyz.energyintelligence.se\/en\/wp-json\/wp\/v2\/product\/379"}],"collection":[{"href":"https:\/\/xyz.energyintelligence.se\/en\/wp-json\/wp\/v2\/product"}],"about":[{"href":"https:\/\/xyz.energyintelligence.se\/en\/wp-json\/wp\/v2\/types\/product"}],"replies":[{"embeddable":true,"href":"https:\/\/xyz.energyintelligence.se\/en\/wp-json\/wp\/v2\/comments?post=379"}],"wp:featuredmedia":[{"embeddable":true,"href":"https:\/\/xyz.energyintelligence.se\/en\/wp-json\/"}],"wp:attachment":[{"href":"https:\/\/xyz.energyintelligence.se\/en\/wp-json\/wp\/v2\/media?parent=379"}],"wp:term":[{"taxonomy":"product_cat","embeddable":true,"href":"https:\/\/xyz.energyintelligence.se\/en\/wp-json\/wp\/v2\/product_cat?post=379"},{"taxonomy":"product_tag","embeddable":true,"href":"https:\/\/xyz.energyintelligence.se\/en\/wp-json\/wp\/v2\/product_tag?post=379"}],"curies":[{"name":"wp","href":"https:\/\/api.w.org\/{rel}","templated":true}]}}