{"id":780,"date":"2022-09-16T11:26:18","date_gmt":"2022-09-16T09:26:18","guid":{"rendered":"https:\/\/energyintelligence.se\/shop\/?post_type=product&amp;p=780"},"modified":"2022-09-16T11:26:18","modified_gmt":"2022-09-16T09:26:18","slug":"modbus-reader","status":"publish","type":"product","link":"https:\/\/xyz.energyintelligence.se\/en\/product\/modbus-reader\/","title":{"rendered":"Modbus\/Rs-485 l\u00e4sare f\u00f6r elm\u00e4tare"},"content":{"rendered":"<p>Denna l\u00e4sare kopplas direkt p\u00e5 en RS-485\/Modbus elm\u00e4tare. M\u00e4tdatat l\u00e4ses av l\u00e4saren som i sin skickar informationen vidare till en MQTT-server. Detta inneb\u00e4r att energif\u00f6rbrukningen enkelt kan l\u00e4sas av via datorsystem som kan ge insikt i energianv\u00e4ndningen.<\/p>\n<p>L\u00e4saren ansluts till det tr\u00e5dl\u00f6sa n\u00e4tverket och kan enkelt konfigureras med hj\u00e4lp av en mobiltelefon eller dator via ett webb-baserat gr\u00e4nssnitt. Observera att wifi-antennen p\u00e5 avl\u00e4saren \u00e4r liten och s\u00e4ndareffekten begr\u00e4nsad. Detta inneb\u00e4r att accesspunkten f\u00f6r det tr\u00e5dl\u00f6sa n\u00e4tverket b\u00f6r vara s\u00e5 n\u00e4ra elm\u00e4taravl\u00e4saren som m\u00f6jligt.<\/p>\n<p>Enheten \u00e4r gjord f\u00f6r att sitta p\u00e5 en DIN skena d\u00e4r den tar upp tv\u00e5 modulplatser.<\/p>\n<p>Funktioner:<\/p>\n<ul>\n<li>RS-485 anslutningsblock<\/li>\n<li>Tr\u00e5dl\u00f6s \u00f6verf\u00f6ring av separata m\u00e4tv\u00e4rden till valbar MQTT-server.<\/li>\n<li>Webb-baserat gr\u00e4nssnitt f\u00f6r enkel konfiguration av enheten.<\/li>\n<\/ul>\n<p>Kr\u00e4ver <a href=\"https:\/\/energyintelligence.se\/shop\/product\/stromforsorjning-5-v-din-monterbar\">extern str\u00f6mf\u00f6rs\u00f6rjning p\u00e5 5 V<\/a>.<\/p>\n<p>Kompatibla elm\u00e4tare<\/p>\n<ul>\n<li>Eastron <a href=\"https:\/\/www.energibutiken.se\/sv\/elmatare\/210-elmatare-1-fas-eastron-sdm230-modbus-mid-01006.html\" target=\"_blank\" rel=\"noopener\">SDM230<\/a> (1-fas) och <a href=\"https:\/\/www.energibutiken.se\/sv\/elmatare\/223-3-fas-elmatare-for-dinskena-eastron-sdm630-modbus-mid-01004.html\" target=\"_blank\" rel=\"noopener\">SDM630<\/a> (3-fas)<\/li>\n<li>Garo <a href=\"https:\/\/www.rexel.se\/swe\/Produktkatalog\/Eln%C3%A4tsmateriel-%2806-09%29\/09---El--energim%C3%A4tare\/El--energim%C3%A4tare\/ENERGIM%C3%84TARE-1F-MODBUS-RS485\/p\/0900132\" target=\"_blank\" rel=\"noopener\">GNM1D<\/a> (1-fas) och <a href=\"https:\/\/www.rexel.se\/swe\/Produktkatalog\/Eln%C3%A4tsmateriel-%2806-09%29\/09---El--energim%C3%A4tare\/El--energim%C3%A4tare\/ENERGIM%C3%84TARE-3F-MODB-RS485\/p\/0900135\" target=\"_blank\" rel=\"noopener\">GNM3D<\/a> (3-fas)<\/li>\n<\/ul>\n<p>F\u00f6r information om anv\u00e4ndning, se l\u00e4nkarna nedan:<\/p>\n<p><a href=\"https:\/\/energyintelligence.se\/shop\/arkiv\/44\">Kom ig\u00e5ng guide<\/a><br \/>\n<a href=\"https:\/\/energyintelligence.se\/shop\/arkiv\/7\">User manual (english)<\/a><br \/>\n<a href=\"https:\/\/energyintelligence.se\/shop\/vanliga-fragor-och-svar\">Vanliga fr\u00e5gor och svar<\/a><\/p>\n","protected":false},"excerpt":{"rendered":"<p>L\u00e4s av modbus-m\u00e4tare och kontrollera din elf\u00f6rbrukning\u00a0 genom att enkelt integrera mot externa system med denna elm\u00e4tarl\u00e4sare som tr\u00e5dl\u00f6st skickar vidare m\u00e4tarens v\u00e4rden via MQTT.<\/p>\n","protected":false},"featured_media":1536,"comment_status":"closed","ping_status":"closed","template":"","meta":[],"product_cat":[19],"product_tag":[],"yoast_head":"<!-- This site is optimized with the Yoast SEO plugin v21.7 - https:\/\/yoast.com\/wordpress\/plugins\/seo\/ -->\n<title>Modbus\/Rs-485 l\u00e4sare f\u00f6r elm\u00e4tare - Energy Intelligence (en)<\/title>\n<meta name=\"robots\" content=\"index, follow, max-snippet:-1, max-image-preview:large, max-video-preview:-1\" \/>\n<link rel=\"canonical\" href=\"https:\/\/xyz.energyintelligence.se\/en\/product\/modbus-reader\/\" \/>\n<meta property=\"og:locale\" content=\"en_US\" \/>\n<meta property=\"og:type\" content=\"article\" \/>\n<meta property=\"og:title\" content=\"Modbus\/Rs-485 l\u00e4sare f\u00f6r elm\u00e4tare - Energy Intelligence (en)\" \/>\n<meta property=\"og:description\" content=\"L\u00e4s av modbus-m\u00e4tare och kontrollera din elf\u00f6rbrukning\u00a0 genom att enkelt integrera mot externa system med denna elm\u00e4tarl\u00e4sare som tr\u00e5dl\u00f6st skickar vidare m\u00e4tarens v\u00e4rden via MQTT.\" \/>\n<meta property=\"og:url\" content=\"https:\/\/xyz.energyintelligence.se\/en\/product\/modbus-reader\/\" \/>\n<meta property=\"og:site_name\" content=\"Energy Intelligence (en)\" \/>\n<meta name=\"twitter:card\" content=\"summary_large_image\" \/>\n<meta name=\"twitter:label1\" content=\"Est. reading time\" \/>\n\t<meta name=\"twitter:data1\" content=\"1 minute\" \/>\n<script type=\"application\/ld+json\" class=\"yoast-schema-graph\">{\"@context\":\"https:\/\/schema.org\",\"@graph\":[{\"@type\":\"WebPage\",\"@id\":\"https:\/\/xyz.energyintelligence.se\/en\/product\/modbus-reader\/\",\"url\":\"https:\/\/xyz.energyintelligence.se\/en\/product\/modbus-reader\/\",\"name\":\"Modbus\/Rs-485 l\u00e4sare f\u00f6r elm\u00e4tare - Energy Intelligence (en)\",\"isPartOf\":{\"@id\":\"https:\/\/xyz.energyintelligence.se\/en\/#website\"},\"datePublished\":\"2022-09-16T09:26:18+00:00\",\"dateModified\":\"2022-09-16T09:26:18+00:00\",\"breadcrumb\":{\"@id\":\"https:\/\/xyz.energyintelligence.se\/en\/product\/modbus-reader\/#breadcrumb\"},\"inLanguage\":\"en-US\",\"potentialAction\":[{\"@type\":\"ReadAction\",\"target\":[\"https:\/\/xyz.energyintelligence.se\/en\/product\/modbus-reader\/\"]}]},{\"@type\":\"BreadcrumbList\",\"@id\":\"https:\/\/xyz.energyintelligence.se\/en\/product\/modbus-reader\/#breadcrumb\",\"itemListElement\":[{\"@type\":\"ListItem\",\"position\":1,\"name\":\"Hem\",\"item\":\"https:\/\/xyz.energyintelligence.se\/en\/\"},{\"@type\":\"ListItem\",\"position\":2,\"name\":\"Shop\",\"item\":\"https:\/\/xyz.energyintelligence.se\/en\/shop\/\"},{\"@type\":\"ListItem\",\"position\":3,\"name\":\"Modbus\/Rs-485 l\u00e4sare f\u00f6r elm\u00e4tare\"}]},{\"@type\":\"WebSite\",\"@id\":\"https:\/\/xyz.energyintelligence.se\/en\/#website\",\"url\":\"https:\/\/xyz.energyintelligence.se\/en\/\",\"name\":\"Energy Intelligence (en)\",\"description\":\"\",\"potentialAction\":[{\"@type\":\"SearchAction\",\"target\":{\"@type\":\"EntryPoint\",\"urlTemplate\":\"https:\/\/xyz.energyintelligence.se\/en\/?s={search_term_string}\"},\"query-input\":\"required name=search_term_string\"}],\"inLanguage\":\"en-US\"}]}<\/script>\n<!-- \/ Yoast SEO plugin. -->","yoast_head_json":{"title":"Modbus\/Rs-485 l\u00e4sare f\u00f6r elm\u00e4tare - Energy Intelligence (en)","robots":{"index":"index","follow":"follow","max-snippet":"max-snippet:-1","max-image-preview":"max-image-preview:large","max-video-preview":"max-video-preview:-1"},"canonical":"https:\/\/xyz.energyintelligence.se\/en\/product\/modbus-reader\/","og_locale":"en_US","og_type":"article","og_title":"Modbus\/Rs-485 l\u00e4sare f\u00f6r elm\u00e4tare - Energy Intelligence (en)","og_description":"L\u00e4s av modbus-m\u00e4tare och kontrollera din elf\u00f6rbrukning\u00a0 genom att enkelt integrera mot externa system med denna elm\u00e4tarl\u00e4sare som tr\u00e5dl\u00f6st skickar vidare m\u00e4tarens v\u00e4rden via MQTT.","og_url":"https:\/\/xyz.energyintelligence.se\/en\/product\/modbus-reader\/","og_site_name":"Energy Intelligence (en)","twitter_card":"summary_large_image","twitter_misc":{"Est. reading time":"1 minute"},"schema":{"@context":"https:\/\/schema.org","@graph":[{"@type":"WebPage","@id":"https:\/\/xyz.energyintelligence.se\/en\/product\/modbus-reader\/","url":"https:\/\/xyz.energyintelligence.se\/en\/product\/modbus-reader\/","name":"Modbus\/Rs-485 l\u00e4sare f\u00f6r elm\u00e4tare - Energy Intelligence (en)","isPartOf":{"@id":"https:\/\/xyz.energyintelligence.se\/en\/#website"},"datePublished":"2022-09-16T09:26:18+00:00","dateModified":"2022-09-16T09:26:18+00:00","breadcrumb":{"@id":"https:\/\/xyz.energyintelligence.se\/en\/product\/modbus-reader\/#breadcrumb"},"inLanguage":"en-US","potentialAction":[{"@type":"ReadAction","target":["https:\/\/xyz.energyintelligence.se\/en\/product\/modbus-reader\/"]}]},{"@type":"BreadcrumbList","@id":"https:\/\/xyz.energyintelligence.se\/en\/product\/modbus-reader\/#breadcrumb","itemListElement":[{"@type":"ListItem","position":1,"name":"Hem","item":"https:\/\/xyz.energyintelligence.se\/en\/"},{"@type":"ListItem","position":2,"name":"Shop","item":"https:\/\/xyz.energyintelligence.se\/en\/shop\/"},{"@type":"ListItem","position":3,"name":"Modbus\/Rs-485 l\u00e4sare f\u00f6r elm\u00e4tare"}]},{"@type":"WebSite","@id":"https:\/\/xyz.energyintelligence.se\/en\/#website","url":"https:\/\/xyz.energyintelligence.se\/en\/","name":"Energy Intelligence (en)","description":"","potentialAction":[{"@type":"SearchAction","target":{"@type":"EntryPoint","urlTemplate":"https:\/\/xyz.energyintelligence.se\/en\/?s={search_term_string}"},"query-input":"required name=search_term_string"}],"inLanguage":"en-US"}]}},"_links":{"self":[{"href":"https:\/\/xyz.energyintelligence.se\/en\/wp-json\/wp\/v2\/product\/780"}],"collection":[{"href":"https:\/\/xyz.energyintelligence.se\/en\/wp-json\/wp\/v2\/product"}],"about":[{"href":"https:\/\/xyz.energyintelligence.se\/en\/wp-json\/wp\/v2\/types\/product"}],"replies":[{"embeddable":true,"href":"https:\/\/xyz.energyintelligence.se\/en\/wp-json\/wp\/v2\/comments?post=780"}],"wp:featuredmedia":[{"embeddable":true,"href":"https:\/\/xyz.energyintelligence.se\/en\/wp-json\/"}],"wp:attachment":[{"href":"https:\/\/xyz.energyintelligence.se\/en\/wp-json\/wp\/v2\/media?parent=780"}],"wp:term":[{"taxonomy":"product_cat","embeddable":true,"href":"https:\/\/xyz.energyintelligence.se\/en\/wp-json\/wp\/v2\/product_cat?post=780"},{"taxonomy":"product_tag","embeddable":true,"href":"https:\/\/xyz.energyintelligence.se\/en\/wp-json\/wp\/v2\/product_tag?post=780"}],"curies":[{"name":"wp","href":"https:\/\/api.w.org\/{rel}","templated":true}]}}